{"id":941,"date":"2021-05-05T15:46:55","date_gmt":"2021-05-05T15:46:55","guid":{"rendered":"https:\/\/www.monacoasset.com\/?page_id=941"},"modified":"2021-05-06T16:13:00","modified_gmt":"2021-05-06T16:13:00","slug":"personal-data-protection-policy","status":"publish","type":"page","link":"https:\/\/www.monacoasset.com\/fr\/personal-data-protection-policy\/","title":{"rendered":"Engagement de protection des donn\u00e9es personnelles"},"content":{"rendered":"\n<p>L\u2019objectif de cet Engagement de protection des donn\u00e9es personnelles (ci-apr\u00e8s d\u00e9nomm\u00e9 \u00ab l&rsquo;Engagement \u00bb) est d&rsquo;informer nos clients (ci-apr\u00e8s d\u00e9nomm\u00e9s les \u00ab Clients \u00bb) de la mani\u00e8re dont nous collectons, stockons et traitons leurs donn\u00e9es personnelles.<\/p>\n\n\n\n<p>Monaco Asset Management S.A.M. reconna\u00eet l\u2019importance de pr\u00e9server la confidentialit\u00e9 des donn\u00e9es des clients et de prot\u00e9ger leurs droits \u00e0 la vie priv\u00e9e. Concernant ses activit\u00e9s et les donn\u00e9es qu&rsquo;elle recueille, Monaco Asset Management S.A.M. entend appliquer les principes et normes les plus restrictifs en mati\u00e8re de protection des donn\u00e9es personnelles. Par cons\u00e9quent, toutes les donn\u00e9es et informations personnelles (ci-apr\u00e8s d\u00e9nomm\u00e9es \u00ab Donn\u00e9es \u00bb) fournies dans le cadre de nos services seront trait\u00e9es de mani\u00e8re l\u00e9gale, loyale, transparente et confidentielle.<\/p>\n\n\n\n<h2 class=\"wp-block-heading\">Consentement<\/h2>\n\n\n\n<p>En contractant les services propos\u00e9s par Monaco Asset Management S.A.M. (ci-apr\u00e8s d\u00e9nomm\u00e9s les \u00ab Services \u00bb), et conform\u00e9ment aux dispositions l\u00e9gales en vigueur, les Clients reconnaissent que conclure un contrat avec Monaco Asset Management signifie qu&rsquo;ils acceptent la collecte et le traitement des Donn\u00e9es et acceptent le pr\u00e9sent Engagement.<\/p>\n\n\n\n<h2 class=\"wp-block-heading\">Donn\u00e9es collect\u00e9es<\/h2>\n\n\n\n<h3 class=\"wp-block-heading\">Type de Donn\u00e9es<\/h3>\n\n\n\n<p>Dans le cadre des Services, Monaco Asset Management collecte les Donn\u00e9es suivantes (liste non exhaustive) aupr\u00e8s de ses contreparties (clients, administrateurs fonds de Private Equity, avocats, banques, autres interm\u00e9diaires financiers) :<\/p>\n\n\n\n<ul class=\"wp-block-list\"><li>Donn\u00e9es d&rsquo;identification : donn\u00e9es personnelles d&rsquo;identification (nom, pr\u00e9nom, titre, num\u00e9ro d&rsquo;identification fiscal) et informations relatives aux entit\u00e9s d&rsquo;investissement.<\/li><li>Donn\u00e9es d&rsquo;identification d\u00e9livr\u00e9es par les autorit\u00e9s publiques et autres registres : cartes d&rsquo;identit\u00e9, passeports, certificat de constitution, statuts, registres d&rsquo;actions.<\/li><li>Donn\u00e9es de localisation : adresses personnelles et professionnelles.<\/li><li>Donn\u00e9es de communication et d&rsquo;identification \u00e9lectronique (personnelles et professionnelles) : num\u00e9ro de t\u00e9l\u00e9phone, adresse e-mail.<\/li><li>Donn\u00e9es financi\u00e8res : num\u00e9ro d&rsquo;identification et num\u00e9ros de compte bancaire, ressources financi\u00e8res, actifs, transactions financi\u00e8res.<\/li><\/ul>\n\n\n\n<h3 class=\"wp-block-heading\">Informations collect\u00e9es directement aupr\u00e8s des Clients<\/h3>\n\n\n\n<p>Monaco Asset Management collecte et enregistre toutes les informations fournies dans le cadre des Services ou par tout autre moyen dans son syst\u00e8me de Gestion de la Relation Clients. Le Client peut choisir de ne pas fournir certaines Donn\u00e9es \u00e0 Monaco Asset Management, mais cette d\u00e9cision peut priver le Client de certains Services ou fonctionnalit\u00e9s propos\u00e9s en relation avec les Services.<\/p>\n\n\n\n<h3 class=\"wp-block-heading\">Informations collect\u00e9es aupr\u00e8s de tiers &#8211; sous-traitants<\/h3>\n\n\n\n<p>Dans le cadre de ses Services, Monaco Asset Management peut \u00e9galement collecter des donn\u00e9es aupr\u00e8s de tiers (administrateurs de fonds de Private Equity, avocats, banques, autres interm\u00e9diaires financiers, liste des sanctions internationales, informations accessibles au public \u2013 e.g. Bloomberg, World-Check. Les Donn\u00e9es collect\u00e9es aupr\u00e8s de tiers sont trait\u00e9es de la m\u00eame mani\u00e8re que les Donn\u00e9es collect\u00e9es directement aupr\u00e8s des Clients.<\/p>\n\n\n\n<p>Monaco Asset Management peut \u00eatre amen\u00e9 \u00e0 travailler avec des sous-traitants, conform\u00e9ment \u00e0 la r\u00e9glementation en vigueur. Dans ce cas, Monaco Asset Management conclura un accord de traitement des donn\u00e9es avec les tiers concern\u00e9s afin de garantir le respect du pr\u00e9sent Engagement.<\/p>\n\n\n\n<h2 class=\"wp-block-heading\">Fondements juridiques et objectifs de la collecte et du traitement des donn\u00e9es<\/h2>\n\n\n\n<p>Monaco Asset Management traite vos donn\u00e9es personnelles conform\u00e9ment aux bases l\u00e9gales et aux finalit\u00e9s \u00e9nonc\u00e9es dans la pr\u00e9sente politique de confidentialit\u00e9. Plusieurs objectifs peuvent former la base d&rsquo;un m\u00eame traitement.<\/p>\n\n\n\n<h3 class=\"wp-block-heading\">Ex\u00e9cution des obligations contractuelles (y compris pr\u00e9-contractuelles) :<\/h3>\n\n\n\n<ul class=\"wp-block-list\"><li>L&rsquo;ouverture et le maintien de la relation contractuelle avec le Client (ci-apr\u00e8s d\u00e9nomm\u00e9e \u00ab Relation d&rsquo;affaires \u00bb), y compris toutes les formalit\u00e9s relatives \u00e0 l&rsquo;identification du Client et de toute personne ou entit\u00e9 sur laquelle le Client ou un tiers fournit des informations et \/ ou dont Monaco Asset Management a connaissance de toute autre mani\u00e8re dans le cadre de la Relation d&rsquo;Affaires (ci-apr\u00e8s d\u00e9nomm\u00e9e \u00ab Personne li\u00e9e \u00bb) ;<\/li><li>Tout autre service connexe fourni par les prestataires de services et sous-traitants de Monaco Asset Management dans le cadre d\u2019une relation d\u2019affaires ;<\/li><li>La gestion, l&rsquo;administration, le placement et la distribution de produits financiers, y compris tous les services li\u00e9s \u00e0 ces activit\u00e9s.<\/li><\/ul>\n\n\n\n<h3 class=\"wp-block-heading\">Respect des obligations l\u00e9gales auxquelles Monaco Asset Management est soumis :<\/h3>\n\n\n\n<ul class=\"wp-block-list\"><li>Se conformer \u00e0 la r\u00e9glementation financi\u00e8re et \u00e0 la l\u00e9gislation applicables \u00e0 Monaco Asset Management en tant que soci\u00e9t\u00e9 de gestion d&rsquo;actifs soumise au contr\u00f4le des r\u00e9gulateurs ;<\/li><li>Coop\u00e9rer avec les administrations et autorit\u00e9s publiques comp\u00e9tentes ;<\/li><li>Pr\u00e9venir la fraude, y compris la fraude fiscale, le blanchiment d&rsquo;argent, le financement du terrorisme, la corruption et la fourniture de services aux personnes et entit\u00e9s soumises \u00e0 des sanctions \u00e9conomiques ou commerciales.<\/li><\/ul>\n\n\n\n<p>Au regard des obligations l\u00e9gales et r\u00e9glementaires, nous vous informons que le refus de fournir les informations et documents qui pourraient vous \u00eatre demand\u00e9s sur cette base peut nous emp\u00eacher de poursuivre une relation d&rsquo;affaires avec vous.<\/p>\n\n\n\n<h3 class=\"wp-block-heading\">Poursuite des int\u00e9r\u00eats l\u00e9gitimes de Monaco Asset Management, notamment :<\/h3>\n\n\n\n<ul class=\"wp-block-list\"><li>Am\u00e9liorer la relation d&rsquo;affaires et l&rsquo;offre de services et de produits ;<\/li><li>Am\u00e9liorer l\u2019organisation commerciale interne et les activit\u00e9s op\u00e9rationnelles de Monaco Asset Management, notamment en mati\u00e8re de gestion des risques ;<\/li><li>Enregistrer les appels t\u00e9l\u00e9phoniques et les e-mails pour v\u00e9rifier les instructions re\u00e7ues, faire appliquer ou d\u00e9fendre les int\u00e9r\u00eats ou droits de Monaco Asset Management, \u00e9valuer, analyser et am\u00e9liorer la qualit\u00e9 de nos services, former nos employ\u00e9s et g\u00e9rer les risques ;<\/li><li>Assurer la s\u00e9curit\u00e9 et le bon fonctionnement informatique de la Soci\u00e9t\u00e9 et emp\u00eacher l&rsquo;acc\u00e8s non autoris\u00e9 aux locaux de la soci\u00e9t\u00e9, aux zones sensibles, aux syst\u00e8mes informatiques (par exemple les ordinateurs), etc. en installant des syst\u00e8mes de badges ;<\/li><li>Exercer nos droits en cas de r\u00e9clamations et de litiges (actions en justice, enqu\u00eates ou proc\u00e9dures similaires) ;<\/li><li>Signaler aux autorit\u00e9s comp\u00e9tentes les actes criminels potentiels ou les menaces pour la s\u00e9curit\u00e9 publique, y compris la transmission de donn\u00e9es \u00e0 caract\u00e8re personnel pertinentes ;<\/li><\/ul>\n\n\n\n<h3 class=\"wp-block-heading\">Consentement du client pour un service sp\u00e9cifique :<\/h3>\n\n\n\n<p>Si le traitement de vos donn\u00e9es personnelles n\u00e9cessite que vous donniez votre consentement pr\u00e9alable (par exemple, traitement automatis\u00e9 pour d\u00e9finir et \u00e9tablir la relation commerciale), nous vous demanderons de nous le fournir pour ce traitement sp\u00e9cifique.<\/p>\n\n\n\n<h2 class=\"wp-block-heading\">M\u00e9thodes de traitement des donn\u00e9es<\/h2>\n\n\n\n<p>Les donn\u00e9es sont trait\u00e9es par Monaco Asset Management &#8211; ou par des tiers s\u00e9lectionn\u00e9s sur la base de leur fiabilit\u00e9 et de leur comp\u00e9tence, ainsi que par des responsables du traitement d\u00fbment d\u00e9sign\u00e9s &#8211; uniquement aux fins pr\u00e9cis\u00e9es dans le pr\u00e9sent Engagement, principalement au moyen d&rsquo;outils informatiques, mais \u00e9galement sur papier.<br>Monaco Asset Management conserve les Donn\u00e9es aussi longtemps que n\u00e9cessaire \u00e0 l&rsquo;accomplissement des Finalit\u00e9s pour lesquelles elles ont \u00e9t\u00e9 collect\u00e9es et conform\u00e9ment \u00e0 la r\u00e9glementation applicable aux Services.<\/p>\n\n\n\n<p>De m\u00eame, Monaco Asset Management supprime ou anonymise les donn\u00e9es personnelles (ou prend des mesures \u00e9quivalentes) d\u00e8s qu&rsquo;elles ne sont plus n\u00e9cessaires pour atteindre les Finalit\u00e9s, sous r\u00e9serve toutefois (i) des exigences l\u00e9gales ou r\u00e9glementaires applicables \u00e0 la conservation des donn\u00e9es pendant une dur\u00e9e plus longue. , ou (ii) pour v\u00e9rifier, exercer et \/ ou d\u00e9fendre des droits r\u00e9els ou potentiels dans le cadre de proc\u00e9dures judiciaires, d&rsquo;enqu\u00eates ou de proc\u00e9dures similaires, y compris les d\u00e9lais l\u00e9gaux que Monaco Asset Management pourrait imposer pour pr\u00e9server les informations pertinentes.<\/p>\n\n\n\n<p>Des mesures de s\u00e9curit\u00e9 sont appliqu\u00e9es pour pr\u00e9venir le risque de perte de donn\u00e9es, d&rsquo;utilisation ill\u00e9gale ou inappropri\u00e9e et d&rsquo;acc\u00e8s non autoris\u00e9.<\/p>\n\n\n\n<h2 class=\"wp-block-heading\">Profilage<\/h2>\n\n\n\n<p>Monaco Asset Management peut \u00e9valuer certaines caract\u00e9ristiques des Clients et Personnes li\u00e9es sur la base de Donn\u00e9es trait\u00e9es automatiquement afin, notamment, de leur proposer des offres et des conseils personnalis\u00e9s ou des informations sur ses Services. Monaco Asset Management peut \u00e9galement utiliser des technologies pour identifier le niveau de risque associ\u00e9 \u00e0 un Client ou \u00e0 une activit\u00e9 de Relation Commerciale sp\u00e9cifique.<\/p>\n\n\n\n<p>En revanche, Monaco Asset Management n\u2019a pas recours \u00e0 la prise de d\u00e9cision automatis\u00e9e en mati\u00e8re d\u2019entr\u00e9e en relation avec une relation d&rsquo;affaires, un client ou une personne li\u00e9e.<\/p>\n\n\n\n<h2 class=\"wp-block-heading\">Acc\u00e8s aux donn\u00e9es et transferts de donn\u00e9es<\/h2>\n\n\n\n<p>Les Donn\u00e9es transmises \u00e0 Monaco Asset Management seront connues et utilis\u00e9es par les salari\u00e9s de Monaco Asset Management dans le seul but de r\u00e9aliser les Services qui constituent la finalit\u00e9 pour laquelle les Donn\u00e9es ont \u00e9t\u00e9 collect\u00e9es.<\/p>\n\n\n\n<p>Dans le cadre de l&rsquo;ex\u00e9cution des Prestations, Monaco Asset Management pourra transmettre les Donn\u00e9es \u00e0 des tiers, notamment aux banques d\u00e9positaires ou aux autorit\u00e9s fiscales nationales et internationales, conform\u00e9ment aux obligations de reporting fiscal.<\/p>\n\n\n\n<p>La transmission de donn\u00e9es \u00e0 des tiers \u00e0 l&rsquo;\u00e9tranger est \u00e9galement bas\u00e9e sur (i) une d\u00e9cision d&rsquo;ad\u00e9quation bas\u00e9e sur la liste des pays dont les normes juridiques de protection des donn\u00e9es sont approuv\u00e9es par la Commission europ\u00e9enne, (ii) des garanties appropri\u00e9es ou (iii) une d\u00e9rogation pour des situations sp\u00e9cifiques (ex\u00e9cution d&rsquo;un mandat li\u00e9 aux Services propos\u00e9s par Monaco Asset Management, notamment). <\/p>\n\n\n\n<p>Monaco Asset Management ne vend ni ne loue les Donn\u00e9es \u00e0 aucun tiers.<\/p>\n\n\n\n<p>Enfin, Monaco Asset Management peut \u00eatre amen\u00e9 \u00e0 partager les donn\u00e9es personnelles :<\/p>\n\n\n\n<ul class=\"wp-block-list\"><li>Afin de mettre en place le Service \u00e0 la disposition des Clients ;<\/li><li>Lorsque la loi l&rsquo;autorise ou exige de se conformer \u00e0 une proc\u00e9dure l\u00e9gale ;<\/li><li>Afin de prot\u00e9ger et d\u00e9fendre les droits ou la propri\u00e9t\u00e9 de Monaco Asset Management, y compris la s\u00e9curit\u00e9 de ses produits et services ;<\/li><li>Pour prot\u00e9ger la s\u00e9curit\u00e9 personnelle, la propri\u00e9t\u00e9 ou d&rsquo;autres droits du public, Monaco Asset Management ou ses clients ou employ\u00e9s ; ou alors<\/li><li>Dans le cadre de la cession de tout ou partie des activit\u00e9s de Monaco Asset Management.<\/li><\/ul>\n\n\n\n<p>Lorsque Monaco Asset Management a l&rsquo;obligation l\u00e9gale de divulguer des Donn\u00e9es \u00e0 des tiers, Monaco Asset Management prendra toutes les mesures commercialement raisonnables pour informer les Clients \u00e0 l&rsquo;avance, sauf disposition contraire de la loi. Si Monaco Asset Management s&rsquo;engage dans un processus de fusion, d&rsquo;acquisition ou de vente d&rsquo;actifs, Monaco Asset Management se conformera au pr\u00e9sent Engagement.<\/p>\n\n\n\n<h2 class=\"wp-block-heading\">Confidentialit\u00e9, s\u00e9curit\u00e9 et protection des Donn\u00e9es<\/h2>\n\n\n\n<p>Monaco Asset Management s&rsquo;engage \u00e0 s&rsquo;assurer qu&rsquo;il existe des niveaux ad\u00e9quats de protection des Donn\u00e9es, notamment celles relatives au secret bancaire et \u00e0 la protection des donn\u00e9es.<\/p>\n\n\n\n<p>Les donn\u00e9es des clients seront transmises et stock\u00e9es sur les serveurs de Monaco Asset Management, dont l&rsquo;acc\u00e8s est strictement limit\u00e9. Monaco Asset Management a pris les pr\u00e9cautions techniques et organisationnelles appropri\u00e9es pour s&rsquo;assurer que ses serveurs sont accessibles exclusivement aux personnes d\u00fbment autoris\u00e9es, ainsi que des pr\u00e9cautions particuli\u00e8res concernant la protection de son environnement technique.<\/p>\n\n\n\n<h2 class=\"wp-block-heading\">Droits des clients<\/h2>\n\n\n\n<p>Conform\u00e9ment \u00e0 la r\u00e9glementation applicable, les Clients peuvent exercer les droits suivants \u00e0 l&rsquo;\u00e9gard de leurs donn\u00e9es dans le cadre du traitement des Donn\u00e9es\u00a0:<\/p>\n\n\n\n<ul class=\"wp-block-list\"><li>Droit de demander l&rsquo;acc\u00e8s aux donn\u00e9es stock\u00e9es ;<\/li><li>Droit de demander la rectification des donn\u00e9es stock\u00e9es ;<\/li><li>Droit de demander la suppression des Donn\u00e9es stock\u00e9es, sous r\u00e9serve des dispositions l\u00e9gales applicables en mati\u00e8re de conservation des donn\u00e9es ;<\/li><li>Droit de demander une limitation du traitement des donn\u00e9es stock\u00e9es, sous r\u00e9serve des dispositions l\u00e9gales applicables concernant le traitement des donn\u00e9es ; et<\/li><li>Droit de demander une interdiction du traitement des donn\u00e9es stock\u00e9es, sous r\u00e9serve des dispositions l\u00e9gales applicables concernant le traitement des donn\u00e9es.<\/li><\/ul>\n\n\n\n<p>M\u00eame si un Client conteste le traitement de ses Donn\u00e9es, Monaco Asset Management est en droit de poursuivre ce traitement s&rsquo;il est (i) juridiquement obligatoire, (ii) n\u00e9cessaire \u00e0 l&rsquo;ex\u00e9cution du Contrat auquel le Client est partie, (iii) n\u00e9cessaire \u00e0 l&rsquo;ex\u00e9cution d&rsquo;obligations l\u00e9gales dans le respect de proc\u00e9dures d&rsquo;int\u00e9r\u00eat public ou (iv) n\u00e9cessaires aux int\u00e9r\u00eats l\u00e9gitimes poursuivis par Monaco Asset Management, y compris la constatation, l&rsquo;exercice ou la d\u00e9fense d&rsquo;un droit en justice.<\/p>\n\n\n\n<p>Le Client a le droit de demander \u00e0 Monaco Asset Management de prot\u00e9ger ses donn\u00e9es. Monaco Asset Management travaille sans rel\u00e2che pour se prot\u00e9ger et prot\u00e9ger ses utilisateurs contre l&rsquo;acc\u00e8s non autoris\u00e9, l&rsquo;alt\u00e9ration, la divulgation ou la destruction des informations d\u00e9tenues.<\/p>\n\n\n\n<p>Plus pr\u00e9cis\u00e9ment :<\/p>\n\n\n\n<ul class=\"wp-block-list\"><li>Monaco Asset Management respecte l pr\u00e9sent Engagement en toute circonstance en ce qui concerne toutes les Donn\u00e9es que Monaco Asset Management collecte sur le Client concern\u00e9 ;<\/li><li>Monaco Asset Management limite l&rsquo;utilisation et la divulgation des Donn\u00e9es et s&rsquo;assure que toute personne avec qui Monaco Asset Management partage ces informations les traitera avec la confidentialit\u00e9 et la s\u00e9curit\u00e9 qu&rsquo;elle m\u00e9rite ;<\/li><li>Monaco Asset Management a mis en place des proc\u00e9dures physiques, techniques et administratives pour prot\u00e9ger les informations collect\u00e9es.<\/li><\/ul>\n\n\n\n<h2 class=\"wp-block-heading\">Communication et remarques<\/h2>\n\n\n\n<p>Si vous avez des questions sur la protection des donn\u00e9es de Monaco Asset Management, un message d\u00e9taill\u00e9 peut \u00eatre envoy\u00e9 \u00e0&nbsp;:<\/p>\n\n\n\n<p class=\"has-ek-indent\" style=\"--ek-indent:20px\">administration@monacoasset.com<\/p>\n\n\n\n<p>ou par courrier postal \u00e0:<\/p>\n\n\n\n<p class=\"has-ek-indent\" style=\"--ek-indent:20px\">Monaco Asset Management S.A.M.<br>\u00c0 l&rsquo;attention du D\u00e9l\u00e9gu\u00e9 \u00e0 la Protection des Donn\u00e9es<br>27 boulevard Princesse Charlotte<br>98000 Monaco<br>\nPrincipaut\u00e9 de Monaco<\/p>\n\n\n\n<p>Monaco Asset Management en prendra connaissance dans les plus brefs d\u00e9lais.<\/p>\n\n\n\n<p>Vous pouvez exercer l&rsquo;un de vos droits relatifs aux Donn\u00e9es Personnelles en envoyant votre demande \u00e0 l&rsquo;adresse susmentionn\u00e9e. L\u2019activit\u00e9 de Monaco Asset Management est en constante \u00e9volution et le pr\u00e9sent avis et les conditions d\u2019utilisation peuvent changer. Sauf indication contraire, notre Engagement s&rsquo;applique \u00e0 l&rsquo;utilisation de toutes les informations collect\u00e9es sur tout client.<\/p>\n","protected":false},"excerpt":{"rendered":"<p>L\u2019objectif de cet Engagement de protection des donn\u00e9es personnelles (ci-apr\u00e8s d\u00e9nomm\u00e9 \u00ab l&rsquo;Engagement \u00bb) est d&rsquo;informer nos clients (ci-apr\u00e8s d\u00e9nomm\u00e9s les \u00ab Clients \u00bb) de la mani\u00e8re dont nous collectons, stockons et traitons leurs donn\u00e9es personnelles. Monaco Asset Management S.A.M. reconna\u00eet l\u2019importance de pr\u00e9server la confidentialit\u00e9 des donn\u00e9es des clients et de prot\u00e9ger leurs droits [&hellip;]<\/p>\n","protected":false},"author":3,"featured_media":0,"parent":0,"menu_order":0,"comment_status":"closed","ping_status":"closed","template":"","meta":{"_acf_changed":false,"_editorskit_title_hidden":false,"_editorskit_reading_time":7,"_editorskit_is_block_options_detached":false,"_editorskit_block_options_position":"{}","footnotes":""},"class_list":["post-941","page","type-page","status-publish","hentry"],"acf":[],"yoast_head":"<!-- This site is optimized with the Yoast SEO plugin v27.0 - https:\/\/yoast.com\/product\/yoast-seo-wordpress\/ -->\n<title>Engagement de protection des donn\u00e9es personnelles - Monaco Asset Management<\/title>\n<meta name=\"robots\" content=\"index, follow, max-snippet:-1, max-image-preview:large, max-video-preview:-1\" \/>\n<link rel=\"canonical\" href=\"https:\/\/www.monacoasset.com\/fr\/personal-data-protection-policy\/\" \/>\n<meta property=\"og:locale\" content=\"fr_FR\" \/>\n<meta property=\"og:type\" content=\"article\" \/>\n<meta property=\"og:title\" content=\"Engagement de protection des donn\u00e9es personnelles - Monaco Asset Management\" \/>\n<meta property=\"og:description\" content=\"L\u2019objectif de cet Engagement de protection des donn\u00e9es personnelles (ci-apr\u00e8s d\u00e9nomm\u00e9 \u00ab l&rsquo;Engagement \u00bb) est d&rsquo;informer nos clients (ci-apr\u00e8s d\u00e9nomm\u00e9s les \u00ab Clients \u00bb) de la mani\u00e8re dont nous collectons, stockons et traitons leurs donn\u00e9es personnelles. Monaco Asset Management S.A.M. reconna\u00eet l\u2019importance de pr\u00e9server la confidentialit\u00e9 des donn\u00e9es des clients et de prot\u00e9ger leurs droits [&hellip;]\" \/>\n<meta property=\"og:url\" content=\"https:\/\/www.monacoasset.com\/fr\/personal-data-protection-policy\/\" \/>\n<meta property=\"og:site_name\" content=\"Monaco Asset Management\" \/>\n<meta property=\"article:modified_time\" content=\"2021-05-06T16:13:00+00:00\" \/>\n<meta name=\"twitter:card\" content=\"summary_large_image\" \/>\n<meta name=\"twitter:label1\" content=\"Dur\u00e9e de lecture estim\u00e9e\" \/>\n\t<meta name=\"twitter:data1\" content=\"9 minutes\" \/>\n<script type=\"application\/ld+json\" class=\"yoast-schema-graph\">{\"@context\":\"https:\/\/schema.org\",\"@graph\":[{\"@type\":\"WebPage\",\"@id\":\"https:\/\/www.monacoasset.com\/fr\/personal-data-protection-policy\/\",\"url\":\"https:\/\/www.monacoasset.com\/fr\/personal-data-protection-policy\/\",\"name\":\"Engagement de protection des donn\u00e9es personnelles - Monaco Asset Management\",\"isPartOf\":{\"@id\":\"https:\/\/www.monacoasset.com\/#website\"},\"datePublished\":\"2021-05-05T15:46:55+00:00\",\"dateModified\":\"2021-05-06T16:13:00+00:00\",\"breadcrumb\":{\"@id\":\"https:\/\/www.monacoasset.com\/fr\/personal-data-protection-policy\/#breadcrumb\"},\"inLanguage\":\"fr-FR\",\"potentialAction\":[{\"@type\":\"ReadAction\",\"target\":[\"https:\/\/www.monacoasset.com\/fr\/personal-data-protection-policy\/\"]}]},{\"@type\":\"BreadcrumbList\",\"@id\":\"https:\/\/www.monacoasset.com\/fr\/personal-data-protection-policy\/#breadcrumb\",\"itemListElement\":[{\"@type\":\"ListItem\",\"position\":1,\"name\":\"Home\",\"item\":\"https:\/\/www.monacoasset.com\/fr\/\"},{\"@type\":\"ListItem\",\"position\":2,\"name\":\"Engagement de protection des donn\u00e9es personnelles\"}]},{\"@type\":\"WebSite\",\"@id\":\"https:\/\/www.monacoasset.com\/#website\",\"url\":\"https:\/\/www.monacoasset.com\/\",\"name\":\"Monaco Asset Management\",\"description\":\"\",\"potentialAction\":[{\"@type\":\"SearchAction\",\"target\":{\"@type\":\"EntryPoint\",\"urlTemplate\":\"https:\/\/www.monacoasset.com\/?s={search_term_string}\"},\"query-input\":{\"@type\":\"PropertyValueSpecification\",\"valueRequired\":true,\"valueName\":\"search_term_string\"}}],\"inLanguage\":\"fr-FR\"}]}<\/script>\n<!-- \/ Yoast SEO plugin. -->","yoast_head_json":{"title":"Engagement de protection des donn\u00e9es personnelles - Monaco Asset Management","robots":{"index":"index","follow":"follow","max-snippet":"max-snippet:-1","max-image-preview":"max-image-preview:large","max-video-preview":"max-video-preview:-1"},"canonical":"https:\/\/www.monacoasset.com\/fr\/personal-data-protection-policy\/","og_locale":"fr_FR","og_type":"article","og_title":"Engagement de protection des donn\u00e9es personnelles - Monaco Asset Management","og_description":"L\u2019objectif de cet Engagement de protection des donn\u00e9es personnelles (ci-apr\u00e8s d\u00e9nomm\u00e9 \u00ab l&rsquo;Engagement \u00bb) est d&rsquo;informer nos clients (ci-apr\u00e8s d\u00e9nomm\u00e9s les \u00ab Clients \u00bb) de la mani\u00e8re dont nous collectons, stockons et traitons leurs donn\u00e9es personnelles. Monaco Asset Management S.A.M. reconna\u00eet l\u2019importance de pr\u00e9server la confidentialit\u00e9 des donn\u00e9es des clients et de prot\u00e9ger leurs droits [&hellip;]","og_url":"https:\/\/www.monacoasset.com\/fr\/personal-data-protection-policy\/","og_site_name":"Monaco Asset Management","article_modified_time":"2021-05-06T16:13:00+00:00","twitter_card":"summary_large_image","twitter_misc":{"Dur\u00e9e de lecture estim\u00e9e":"9 minutes"},"schema":{"@context":"https:\/\/schema.org","@graph":[{"@type":"WebPage","@id":"https:\/\/www.monacoasset.com\/fr\/personal-data-protection-policy\/","url":"https:\/\/www.monacoasset.com\/fr\/personal-data-protection-policy\/","name":"Engagement de protection des donn\u00e9es personnelles - Monaco Asset Management","isPartOf":{"@id":"https:\/\/www.monacoasset.com\/#website"},"datePublished":"2021-05-05T15:46:55+00:00","dateModified":"2021-05-06T16:13:00+00:00","breadcrumb":{"@id":"https:\/\/www.monacoasset.com\/fr\/personal-data-protection-policy\/#breadcrumb"},"inLanguage":"fr-FR","potentialAction":[{"@type":"ReadAction","target":["https:\/\/www.monacoasset.com\/fr\/personal-data-protection-policy\/"]}]},{"@type":"BreadcrumbList","@id":"https:\/\/www.monacoasset.com\/fr\/personal-data-protection-policy\/#breadcrumb","itemListElement":[{"@type":"ListItem","position":1,"name":"Home","item":"https:\/\/www.monacoasset.com\/fr\/"},{"@type":"ListItem","position":2,"name":"Engagement de protection des donn\u00e9es personnelles"}]},{"@type":"WebSite","@id":"https:\/\/www.monacoasset.com\/#website","url":"https:\/\/www.monacoasset.com\/","name":"Monaco Asset Management","description":"","potentialAction":[{"@type":"SearchAction","target":{"@type":"EntryPoint","urlTemplate":"https:\/\/www.monacoasset.com\/?s={search_term_string}"},"query-input":{"@type":"PropertyValueSpecification","valueRequired":true,"valueName":"search_term_string"}}],"inLanguage":"fr-FR"}]}},"jetpack_sharing_enabled":true,"_links":{"self":[{"href":"https:\/\/www.monacoasset.com\/fr\/wp-json\/wp\/v2\/pages\/941","targetHints":{"allow":["GET"]}}],"collection":[{"href":"https:\/\/www.monacoasset.com\/fr\/wp-json\/wp\/v2\/pages"}],"about":[{"href":"https:\/\/www.monacoasset.com\/fr\/wp-json\/wp\/v2\/types\/page"}],"author":[{"embeddable":true,"href":"https:\/\/www.monacoasset.com\/fr\/wp-json\/wp\/v2\/users\/3"}],"replies":[{"embeddable":true,"href":"https:\/\/www.monacoasset.com\/fr\/wp-json\/wp\/v2\/comments?post=941"}],"version-history":[{"count":13,"href":"https:\/\/www.monacoasset.com\/fr\/wp-json\/wp\/v2\/pages\/941\/revisions"}],"predecessor-version":[{"id":970,"href":"https:\/\/www.monacoasset.com\/fr\/wp-json\/wp\/v2\/pages\/941\/revisions\/970"}],"wp:attachment":[{"href":"https:\/\/www.monacoasset.com\/fr\/wp-json\/wp\/v2\/media?parent=941"}],"curies":[{"name":"wp","href":"https:\/\/api.w.org\/{rel}","templated":true}]}}