{"id":345,"date":"2020-07-09T08:31:05","date_gmt":"2020-07-09T08:31:05","guid":{"rendered":"https:\/\/www.monacoasset.com\/?page_id=345"},"modified":"2026-02-19T09:02:38","modified_gmt":"2026-02-19T09:02:38","slug":"notre-management","status":"publish","type":"page","link":"https:\/\/www.monacoasset.com\/fr\/notre-management\/","title":{"rendered":"Notre Management"},"content":{"rendered":"\n<p>Notre \u00e9quipe bas\u00e9e \u00e0 Monaco est compos\u00e9e de plus de 30 employ\u00e9s ayant une grande exp\u00e9rience et expertise aussi bien en mati\u00e8re de gestion de patrimoine qu&rsquo;en analyse financi\u00e8re, assurance vie, planification successorale. La plupart de nos employ\u00e9s ont acquis au fil des ann\u00e9es une connaissance solide de la place financi\u00e8re de la Principaut\u00e9.<br>Nous nous distinguons par notre mentalit\u00e9 ax\u00e9e sur les r\u00e9sultats et notre approche de l&rsquo;\u00e9thique, de la gestion des risques et de la pr\u00e9servation du capital.<\/p>\n\n\n\n<div style=\"height:50px\" aria-hidden=\"true\" class=\"wp-block-spacer\"><\/div>\n\n\n\n\n<div id=\"our-team-block_72d5b41a988162c93b9f52230d9321a7\" class=\"custom_block custom_block_our-team \">\n\n\t\n\t<div class=\"row row-team\">\n\t<div class=\"col-6 col-sm-6 first-grid\"><div class=\"member\" data-id-member=\"id-562\"><div class=\"name\">Gian Luca Braggiotti<em>Chairman of the Board<\/em><\/div><div class=\"overlay\" data-id-member=\"id-562\"><div class=\"statut\">Managing Partners<\/div><div class=\"loupe\"><i class=\"fal fa-search-plus\"><\/div><\/i><div class=\"position_arrow\"><div class=\"arrow-down\"><\/div><\/div><\/div><div class=\"member_couv\" style=\"background-image:url(https:\/\/www.monacoasset.com\/wp-content\/uploads\/2020\/07\/Gian_Luca_Briaggiotti.jpg)\"> <\/div><\/div><\/div><div class=\"col-6 col-sm-6 first-grid\"><div class=\"member\" data-id-member=\"id-565\"><div class=\"name\">Anthony Stent Torriani<em>Founder &#038; CEO<\/em><\/div><div class=\"overlay\" data-id-member=\"id-565\"><div class=\"statut\"><\/div><div class=\"loupe\"><i class=\"fal fa-search-plus\"><\/div><\/i><div class=\"position_arrow\"><div class=\"arrow-down\"><\/div><\/div><\/div><div class=\"member_couv\" style=\"background-image:url(https:\/\/www.monacoasset.com\/wp-content\/uploads\/2020\/07\/Anthony_Torriani.jpg)\"> <\/div><\/div><\/div><div class=\"col-12\"><div class=\"member_fiche\" data-id-member=\"id-562\"><div class=\"row\"><div class=\"col-sm-4 col-member_couv d-none d-sm-block\"><div class=\"member_couv\" style=\"background-image:url(https:\/\/www.monacoasset.com\/wp-content\/uploads\/2020\/07\/Gian_Luca_Briaggiotti.jpg)\"> <\/div><\/div><div class=\"col-sm-8 col-droite\"><div class=\"name\">Gian Luca Braggiotti<em>Chairman of the Board<\/em><\/div><div class=\"description\"><p>Gian Luca Braggiotti est le Pr\u00e9sident D\u00e9l\u00e9gu\u00e9 de Monaco Asset Management SAM.<\/p>\n<p>M. Braggiotti a commenc\u00e9 sa carri\u00e8re comme ing\u00e9nieur chez General Electrics avant de rejoindre McKinsey \u00e0 New York. Il a ensuite occup\u00e9 divers postes de direction dans de grandes entreprises industrielles telles qu&rsquo;Olivetti et Pirelli. En 2000, il fonde MyQube, un fonds de capital-risque et de capital-investissement ax\u00e9 \u00e0 la fois sur l&rsquo;Europe et les \u00c9tats-Unis. En 1999, il a rejoint le conseil d&rsquo;administration de la Compagnie Mon\u00e9gasque de Banque et a pr\u00e9sid\u00e9 son comit\u00e9 ex\u00e9cutif jusqu&rsquo;en 2006.<\/p>\n<p>Il est titulaire d&rsquo;un MBA de l&rsquo;universit\u00e9 de Columbia, NY.<\/p>\n<\/div><div class=\"close\" data-id-member=\"id-562\"><i class=\"fal fa-times\"><\/i><\/div><\/div><\/div><\/div><div class=\"member_fiche\" data-id-member=\"id-565\"><div class=\"row\"><div class=\"col-sm-4 col-member_couv d-none d-sm-block\"><div class=\"member_couv\" style=\"background-image:url(https:\/\/www.monacoasset.com\/wp-content\/uploads\/2020\/07\/Anthony_Torriani.jpg)\"> <\/div><\/div><div class=\"col-sm-8 col-droite\"><div class=\"name\">Anthony Stent Torriani<em>Founder &#038; CEO<\/em><\/div><div class=\"description\"><p>Anthony Torriani est le fondateur et l&rsquo;Administrateur D\u00e9l\u00e9gu\u00e9 de Monaco Asset Management SAM.<\/p>\n<p>Auparavant, M. Torriani a travaill\u00e9 pendant plusieurs ann\u00e9es pour le groupe Julius Baer, o\u00f9 il a occup\u00e9 divers postes, dont celui de directeur de la recherche \u00e0 Gen\u00e8ve et de directeur g\u00e9n\u00e9ral de la Soci\u00e9t\u00e9 de gestion Julius Baer \u00e0 Monaco. Il a par la suite \u00e9t\u00e9 directeur g\u00e9n\u00e9ral, co-fondateur et co-actionnaire de 21st Century Management SAM, soci\u00e9t\u00e9 de conseil en n\u00e9goce de mati\u00e8res premi\u00e8res qui g\u00e9rait des actifs pour le compte propre de Commodities Corporation, une filiale du groupe Goldman Sachs.<\/p>\n<p>M. Torriani est vice-pr\u00e9sident de l&rsquo;Association Mon\u00e9gasque des Activit\u00e9s Financi\u00e8res. \u00c0 ce titre, il supervise la Commission des activit\u00e9s de gestion d&rsquo;actifs. M. Torriani est \u00e9galement pr\u00e9sident de la Commission finances du Conseil Strat\u00e9gique pour l&rsquo;Attractivit\u00e9 de Monaco.<\/p>\n<p>M. Torriani est analyste financier agr\u00e9\u00e9 et gestionnaire de portefeuille (Conf\u00e9d\u00e9ration suisse), planificateur financier agr\u00e9\u00e9 (Suisse) et est titulaire d&rsquo;un MBA (finance) de l&rsquo;Universit\u00e9 de Gen\u00e8ve et d&rsquo;un Executive MBA (gestion de patrimoine) de la Tepper School of Business de l&rsquo;Universit\u00e9 Carnegie Mellon.<\/p>\n<\/div><div class=\"close\" data-id-member=\"id-565\"><i class=\"fal fa-times\"><\/i><\/div><\/div><\/div><\/div><\/div>\t<\/div>\n\n<\/div>\n\n\n\n\n<div style=\"height:100px\" aria-hidden=\"true\" class=\"wp-block-spacer\"><\/div>\n","protected":false},"excerpt":{"rendered":"<p>Notre \u00e9quipe bas\u00e9e \u00e0 Monaco est compos\u00e9e de plus de 30 employ\u00e9s ayant une grande exp\u00e9rience et expertise aussi bien en mati\u00e8re de gestion de patrimoine qu&rsquo;en analyse financi\u00e8re, assurance vie, planification successorale. La plupart de nos employ\u00e9s ont acquis au fil des ann\u00e9es une connaissance solide de la place financi\u00e8re de la Principaut\u00e9.Nous nous [&hellip;]<\/p>\n","protected":false},"author":1,"featured_media":0,"parent":0,"menu_order":0,"comment_status":"closed","ping_status":"closed","template":"","meta":{"_acf_changed":false,"_editorskit_title_hidden":false,"_editorskit_reading_time":1,"_editorskit_is_block_options_detached":false,"_editorskit_block_options_position":"{}","footnotes":""},"class_list":["post-345","page","type-page","status-publish","hentry"],"acf":[],"yoast_head":"<!-- This site is optimized with the Yoast SEO plugin v27.0 - https:\/\/yoast.com\/product\/yoast-seo-wordpress\/ -->\n<title>Notre Management - Monaco Asset Management<\/title>\n<meta name=\"robots\" content=\"index, follow, max-snippet:-1, max-image-preview:large, max-video-preview:-1\" \/>\n<link rel=\"canonical\" href=\"https:\/\/www.monacoasset.com\/fr\/notre-management\/\" \/>\n<meta property=\"og:locale\" content=\"fr_FR\" \/>\n<meta property=\"og:type\" content=\"article\" \/>\n<meta property=\"og:title\" content=\"Notre Management - Monaco Asset Management\" \/>\n<meta property=\"og:description\" content=\"Notre \u00e9quipe bas\u00e9e \u00e0 Monaco est compos\u00e9e de plus de 30 employ\u00e9s ayant une grande exp\u00e9rience et expertise aussi bien en mati\u00e8re de gestion de patrimoine qu&rsquo;en analyse financi\u00e8re, assurance vie, planification successorale. La plupart de nos employ\u00e9s ont acquis au fil des ann\u00e9es une connaissance solide de la place financi\u00e8re de la Principaut\u00e9.Nous nous [&hellip;]\" \/>\n<meta property=\"og:url\" content=\"https:\/\/www.monacoasset.com\/fr\/notre-management\/\" \/>\n<meta property=\"og:site_name\" content=\"Monaco Asset Management\" \/>\n<meta property=\"article:modified_time\" content=\"2026-02-19T09:02:38+00:00\" \/>\n<meta name=\"twitter:card\" content=\"summary_large_image\" \/>\n<meta name=\"twitter:label1\" content=\"Dur\u00e9e de lecture estim\u00e9e\" \/>\n\t<meta name=\"twitter:data1\" content=\"1 minute\" \/>\n<script type=\"application\/ld+json\" class=\"yoast-schema-graph\">{\"@context\":\"https:\/\/schema.org\",\"@graph\":[{\"@type\":\"WebPage\",\"@id\":\"https:\/\/www.monacoasset.com\/fr\/notre-management\/\",\"url\":\"https:\/\/www.monacoasset.com\/fr\/notre-management\/\",\"name\":\"Notre Management - Monaco Asset Management\",\"isPartOf\":{\"@id\":\"https:\/\/www.monacoasset.com\/#website\"},\"datePublished\":\"2020-07-09T08:31:05+00:00\",\"dateModified\":\"2026-02-19T09:02:38+00:00\",\"breadcrumb\":{\"@id\":\"https:\/\/www.monacoasset.com\/fr\/notre-management\/#breadcrumb\"},\"inLanguage\":\"fr-FR\",\"potentialAction\":[{\"@type\":\"ReadAction\",\"target\":[\"https:\/\/www.monacoasset.com\/fr\/notre-management\/\"]}]},{\"@type\":\"BreadcrumbList\",\"@id\":\"https:\/\/www.monacoasset.com\/fr\/notre-management\/#breadcrumb\",\"itemListElement\":[{\"@type\":\"ListItem\",\"position\":1,\"name\":\"Home\",\"item\":\"https:\/\/www.monacoasset.com\/fr\/\"},{\"@type\":\"ListItem\",\"position\":2,\"name\":\"Notre Management\"}]},{\"@type\":\"WebSite\",\"@id\":\"https:\/\/www.monacoasset.com\/#website\",\"url\":\"https:\/\/www.monacoasset.com\/\",\"name\":\"Monaco Asset Management\",\"description\":\"\",\"potentialAction\":[{\"@type\":\"SearchAction\",\"target\":{\"@type\":\"EntryPoint\",\"urlTemplate\":\"https:\/\/www.monacoasset.com\/?s={search_term_string}\"},\"query-input\":{\"@type\":\"PropertyValueSpecification\",\"valueRequired\":true,\"valueName\":\"search_term_string\"}}],\"inLanguage\":\"fr-FR\"}]}<\/script>\n<!-- \/ Yoast SEO plugin. -->","yoast_head_json":{"title":"Notre Management - Monaco Asset Management","robots":{"index":"index","follow":"follow","max-snippet":"max-snippet:-1","max-image-preview":"max-image-preview:large","max-video-preview":"max-video-preview:-1"},"canonical":"https:\/\/www.monacoasset.com\/fr\/notre-management\/","og_locale":"fr_FR","og_type":"article","og_title":"Notre Management - Monaco Asset Management","og_description":"Notre \u00e9quipe bas\u00e9e \u00e0 Monaco est compos\u00e9e de plus de 30 employ\u00e9s ayant une grande exp\u00e9rience et expertise aussi bien en mati\u00e8re de gestion de patrimoine qu&rsquo;en analyse financi\u00e8re, assurance vie, planification successorale. La plupart de nos employ\u00e9s ont acquis au fil des ann\u00e9es une connaissance solide de la place financi\u00e8re de la Principaut\u00e9.Nous nous [&hellip;]","og_url":"https:\/\/www.monacoasset.com\/fr\/notre-management\/","og_site_name":"Monaco Asset Management","article_modified_time":"2026-02-19T09:02:38+00:00","twitter_card":"summary_large_image","twitter_misc":{"Dur\u00e9e de lecture estim\u00e9e":"1 minute"},"schema":{"@context":"https:\/\/schema.org","@graph":[{"@type":"WebPage","@id":"https:\/\/www.monacoasset.com\/fr\/notre-management\/","url":"https:\/\/www.monacoasset.com\/fr\/notre-management\/","name":"Notre Management - Monaco Asset Management","isPartOf":{"@id":"https:\/\/www.monacoasset.com\/#website"},"datePublished":"2020-07-09T08:31:05+00:00","dateModified":"2026-02-19T09:02:38+00:00","breadcrumb":{"@id":"https:\/\/www.monacoasset.com\/fr\/notre-management\/#breadcrumb"},"inLanguage":"fr-FR","potentialAction":[{"@type":"ReadAction","target":["https:\/\/www.monacoasset.com\/fr\/notre-management\/"]}]},{"@type":"BreadcrumbList","@id":"https:\/\/www.monacoasset.com\/fr\/notre-management\/#breadcrumb","itemListElement":[{"@type":"ListItem","position":1,"name":"Home","item":"https:\/\/www.monacoasset.com\/fr\/"},{"@type":"ListItem","position":2,"name":"Notre Management"}]},{"@type":"WebSite","@id":"https:\/\/www.monacoasset.com\/#website","url":"https:\/\/www.monacoasset.com\/","name":"Monaco Asset Management","description":"","potentialAction":[{"@type":"SearchAction","target":{"@type":"EntryPoint","urlTemplate":"https:\/\/www.monacoasset.com\/?s={search_term_string}"},"query-input":{"@type":"PropertyValueSpecification","valueRequired":true,"valueName":"search_term_string"}}],"inLanguage":"fr-FR"}]}},"jetpack_sharing_enabled":true,"_links":{"self":[{"href":"https:\/\/www.monacoasset.com\/fr\/wp-json\/wp\/v2\/pages\/345","targetHints":{"allow":["GET"]}}],"collection":[{"href":"https:\/\/www.monacoasset.com\/fr\/wp-json\/wp\/v2\/pages"}],"about":[{"href":"https:\/\/www.monacoasset.com\/fr\/wp-json\/wp\/v2\/types\/page"}],"author":[{"embeddable":true,"href":"https:\/\/www.monacoasset.com\/fr\/wp-json\/wp\/v2\/users\/1"}],"replies":[{"embeddable":true,"href":"https:\/\/www.monacoasset.com\/fr\/wp-json\/wp\/v2\/comments?post=345"}],"version-history":[{"count":6,"href":"https:\/\/www.monacoasset.com\/fr\/wp-json\/wp\/v2\/pages\/345\/revisions"}],"predecessor-version":[{"id":1486,"href":"https:\/\/www.monacoasset.com\/fr\/wp-json\/wp\/v2\/pages\/345\/revisions\/1486"}],"wp:attachment":[{"href":"https:\/\/www.monacoasset.com\/fr\/wp-json\/wp\/v2\/media?parent=345"}],"curies":[{"name":"wp","href":"https:\/\/api.w.org\/{rel}","templated":true}]}}