{"id":343,"date":"2020-06-25T08:23:04","date_gmt":"2020-06-25T08:23:04","guid":{"rendered":"https:\/\/www.monacoasset.com\/?page_id=343"},"modified":"2023-05-03T16:15:48","modified_gmt":"2023-05-03T16:15:48","slug":"investment-solutions","status":"publish","type":"page","link":"https:\/\/www.monacoasset.com\/fr\/investment-solutions\/","title":{"rendered":"Solutions d\u2019investissement"},"content":{"rendered":"\n<p>Monaco Asset Management vise \u00e0 produire des rendements sup\u00e9rieurs ajust\u00e9s aux risques pour ses clients. L&rsquo;objectif de l&rsquo;\u00e9quipe d&rsquo;investissement est de g\u00e9n\u00e9rer un alpha positif tout en se concentrant continuellement sur la pr\u00e9servation du capital. Il s&rsquo;agit l\u00e0 de notre principale proposition de valeur diff\u00e9renciatrice. C&rsquo;est le fondement de nos solutions de gestion d&rsquo;actifs discr\u00e9tionnaires et de conseil.<\/p>\n\n\n\n<p class=\"has-text-color\" style=\"color:#b2a084;font-size:18px\"><em>L&rsquo;excellence, l&rsquo;int\u00e9grit\u00e9 et le travail d&rsquo;\u00e9quipe sont les piliers fondamentaux qui soutiennent notre culture d&rsquo;entreprise.<\/em><\/p>\n\n\n\n<div style=\"height:50px\" aria-hidden=\"true\" class=\"wp-block-spacer\"><\/div>\n\n\n\n<div class=\"wp-block-ga-block-animation-block\"><div style=\"z-index:1\" class=\"gutenberg-animate-block animated hide-before no-delay default-speed\" data-in=\"fadeIn\" data-reset=\"false\" data-emergence=\"hidden\">\n<div class=\"wp-block-columns is-layout-flex wp-container-core-columns-is-layout-9d6595d7 wp-block-columns-is-layout-flex\">\n<div class=\"wp-block-column is-vertically-aligned-top is-layout-flow wp-block-column-is-layout-flow\" style=\"flex-basis:40%\">\n<figure class=\"wp-block-image size-large sepia has-mobile-text-align-center\"><img loading=\"lazy\" decoding=\"async\" width=\"1024\" height=\"541\" src=\"https:\/\/www.monacoasset.com\/wp-content\/uploads\/2020\/07\/GettyImages-1079974636-1024x541.jpg\" alt=\"\" class=\"wp-image-504\" srcset=\"https:\/\/www.monacoasset.com\/wp-content\/uploads\/2020\/07\/GettyImages-1079974636-1024x541.jpg 1024w, https:\/\/www.monacoasset.com\/wp-content\/uploads\/2020\/07\/GettyImages-1079974636-300x158.jpg 300w, https:\/\/www.monacoasset.com\/wp-content\/uploads\/2020\/07\/GettyImages-1079974636-768x406.jpg 768w, https:\/\/www.monacoasset.com\/wp-content\/uploads\/2020\/07\/GettyImages-1079974636-1536x811.jpg 1536w, https:\/\/www.monacoasset.com\/wp-content\/uploads\/2020\/07\/GettyImages-1079974636-2048x1081.jpg 2048w\" sizes=\"auto, (max-width: 1024px) 100vw, 1024px\" \/><\/figure>\n\n\n\n<p><\/p>\n<\/div>\n\n\n\n<div class=\"wp-block-column is-vertically-aligned-top is-layout-flow wp-block-column-is-layout-flow\">\n<h4 class=\"has-text-color wp-block-heading\" style=\"color:#b2a084\">Gestion de patrimoine<\/h4>\n\n\n\n<div style=\"height:20px\" aria-hidden=\"true\" class=\"wp-block-spacer\"><\/div>\n\n\n\n<p>Monaco Asset Management propose des solutions de gestion de patrimoine sur mesure pour les clients priv\u00e9s et institutionnels. Ax\u00e9s sur la pr\u00e9servation du capital, nos portefeuilles visent \u00e0 \u00eatre r\u00e9sistants en p\u00e9riode de stress \u00e9conomique. Gr\u00e2ce \u00e0 nos solides syst\u00e8mes de reporting interne et de gestion de portefeuille, nous avons acc\u00e8s \u00e0 des outils de soutien performants pour effectuer une analyse approfondie des performances en temps r\u00e9el. Combin\u00e9e \u00e0 notre vaste et unique r\u00e9seau, notre capacit\u00e9 \u00e0 regrouper les investissements permet aux clients d&rsquo;acc\u00e9der \u00e0 de nouvelles solutions d&rsquo;investissement \u00e0 des taux et des frais attrayants pour obtenir les meilleurs rendements ajust\u00e9s au risque.<\/p>\n<\/div>\n<\/div>\n\n\n\n<p><\/p>\n<\/div><\/div>\n\n\n\n<div style=\"height:40px\" aria-hidden=\"true\" class=\"wp-block-spacer\"><\/div>\n\n\n\n<div class=\"wp-block-ga-block-animation-block\"><div style=\"z-index:1\" class=\"gutenberg-animate-block animated hide-before no-delay default-speed\" data-in=\"fadeIn\" data-reset=\"false\" data-emergence=\"hidden\">\n<div class=\"wp-block-columns is-layout-flex wp-container-core-columns-is-layout-9d6595d7 wp-block-columns-is-layout-flex\">\n<div class=\"wp-block-column is-vertically-aligned-top is-layout-flow wp-block-column-is-layout-flow\" style=\"flex-basis:40%\">\n<figure class=\"wp-block-image size-large sepia has-mobile-text-align-center\"><img loading=\"lazy\" decoding=\"async\" width=\"1024\" height=\"545\" src=\"https:\/\/www.monacoasset.com\/wp-content\/uploads\/2020\/07\/GettyImages-1052976378-1024x545.jpg\" alt=\"\" class=\"wp-image-506\" srcset=\"https:\/\/www.monacoasset.com\/wp-content\/uploads\/2020\/07\/GettyImages-1052976378-1024x545.jpg 1024w, https:\/\/www.monacoasset.com\/wp-content\/uploads\/2020\/07\/GettyImages-1052976378-300x160.jpg 300w, https:\/\/www.monacoasset.com\/wp-content\/uploads\/2020\/07\/GettyImages-1052976378-768x409.jpg 768w, https:\/\/www.monacoasset.com\/wp-content\/uploads\/2020\/07\/GettyImages-1052976378-1536x817.jpg 1536w, https:\/\/www.monacoasset.com\/wp-content\/uploads\/2020\/07\/GettyImages-1052976378-2048x1090.jpg 2048w\" sizes=\"auto, (max-width: 1024px) 100vw, 1024px\" \/><\/figure>\n\n\n\n<p><\/p>\n<\/div>\n\n\n\n<div class=\"wp-block-column is-vertically-aligned-center is-layout-flow wp-block-column-is-layout-flow\">\n<h4 class=\"has-text-color wp-block-heading\" style=\"color:#b2a084\">Gestion de fonds<\/h4>\n\n\n\n<div style=\"height:20px\" aria-hidden=\"true\" class=\"wp-block-spacer\"><\/div>\n\n\n\n<p>Monaco Asset Management s&rsquo;engage \u00e0 fournir \u00e0 ses clients un portefeuille solide de fonds et de certificats d\u00e9velopp\u00e9s en interne, qui nous permettent de passer plus d\u2019ordres plus efficacement, cela 24 heures sur 24. Nous examinons en permanence les performances et l&rsquo;exposition au risque de nos produits pour nous assurer qu&rsquo;ils offrent des rendements comp\u00e9titifs ajust\u00e9s au risque, et qu&rsquo;ils restent conformes \u00e0 notre mission de pr\u00e9servation du capital.<\/p>\n\n\n\n<ul class=\"wp-block-list\">\n<li>MAM Macro Hedge Strategy Fund<\/li>\n\n\n\n<li>MAM North American Certificate<\/li>\n\n\n\n<li>MAM European Certificate<\/li>\n\n\n\n<li>MAM All Weather Certificate<\/li>\n\n\n\n<li>Petram Real Estate<\/li>\n\n\n\n<li>Petram MT<\/li>\n\n\n\n<li>Io Macro Fund Limited<\/li>\n\n\n\n<li>Io Hypernova Fund Limited<\/li>\n<\/ul>\n\n\n\n<p><\/p>\n<\/div>\n<\/div>\n\n\n\n<p><\/p>\n<\/div><\/div>\n\n\n\n<div style=\"height:40px\" aria-hidden=\"true\" class=\"wp-block-spacer\"><\/div>\n\n\n\n<div class=\"wp-block-ga-block-animation-block\"><div style=\"z-index:1\" class=\"gutenberg-animate-block animated hide-before no-delay default-speed\" data-in=\"fadeIn\" data-reset=\"false\" data-emergence=\"hidden\">\n<div class=\"wp-block-columns is-layout-flex wp-container-core-columns-is-layout-9d6595d7 wp-block-columns-is-layout-flex\">\n<div class=\"wp-block-column is-vertically-aligned-top is-layout-flow wp-block-column-is-layout-flow\" style=\"flex-basis:40%\">\n<figure class=\"wp-block-image size-large sepia has-mobile-text-align-center\"><img loading=\"lazy\" decoding=\"async\" width=\"1024\" height=\"500\" src=\"https:\/\/www.monacoasset.com\/wp-content\/uploads\/2020\/07\/GettyImages-1204589893-1024x500.jpg\" alt=\"\" class=\"wp-image-508\" srcset=\"https:\/\/www.monacoasset.com\/wp-content\/uploads\/2020\/07\/GettyImages-1204589893-1024x500.jpg 1024w, https:\/\/www.monacoasset.com\/wp-content\/uploads\/2020\/07\/GettyImages-1204589893-300x146.jpg 300w, https:\/\/www.monacoasset.com\/wp-content\/uploads\/2020\/07\/GettyImages-1204589893-768x375.jpg 768w, https:\/\/www.monacoasset.com\/wp-content\/uploads\/2020\/07\/GettyImages-1204589893-1536x749.jpg 1536w, https:\/\/www.monacoasset.com\/wp-content\/uploads\/2020\/07\/GettyImages-1204589893-2048x999.jpg 2048w\" sizes=\"auto, (max-width: 1024px) 100vw, 1024px\" \/><\/figure>\n\n\n\n<p><\/p>\n<\/div>\n\n\n\n<div class=\"wp-block-column is-vertically-aligned-center is-layout-flow wp-block-column-is-layout-flow\">\n<h4 class=\"has-text-color wp-block-heading\" style=\"color:#b2a084\">Programme d\u2019investissement priv\u00e9<\/h4>\n\n\n\n<div style=\"height:20px\" aria-hidden=\"true\" class=\"wp-block-spacer\"><\/div>\n\n\n\n<p>Le programme offre aux investisseurs un acc\u00e8s unique aux actifs priv\u00e9s. Gr\u00e2ce \u00e0 un esprit de mutualisation, nous am\u00e9liorons l&rsquo;accessibilit\u00e9 de chaque investisseur aux march\u00e9s priv\u00e9s, et offrons un portefeuille d&rsquo;investissements priv\u00e9s totalement diversifi\u00e9. Monaco Asset Management est un \u00e9cosyst\u00e8me complet pour les investissements priv\u00e9s. Nous avons l&rsquo;exp\u00e9rience de diff\u00e9rentes strat\u00e9gies d&rsquo;investissement priv\u00e9 : dette priv\u00e9e, immobilier, secondaries, capital-investissement, co-investissements et investissements directs. Avec chaque investissement, nous assurons la due diligence et le suivi des fonds. Nous compl\u00e9tons notre expertise dans le domaine de l&rsquo;expertise priv\u00e9e gr\u00e2ce \u00e0 notre r\u00e9seau et \u00e0 des joint-ventures avec des soci\u00e9t\u00e9s de capital-investissement bien \u00e9tablies. Nous fournissons un rapport consolid\u00e9 sp\u00e9cifique pour les actifs priv\u00e9s, qui comprend un r\u00e9sum\u00e9 et une analyse compl\u00e8te de l&rsquo;investissement.<\/p>\n<\/div>\n<\/div>\n\n\n\n<p><\/p>\n<\/div><\/div>\n\n\n\n<div style=\"height:40px\" aria-hidden=\"true\" class=\"wp-block-spacer\"><\/div>\n\n\n\n<div class=\"wp-block-ga-block-animation-block\"><div style=\"z-index:1\" class=\"gutenberg-animate-block animated hide-before no-delay default-speed\" data-in=\"fadeIn\" data-reset=\"false\" data-emergence=\"hidden\">\n<div class=\"wp-block-columns is-layout-flex wp-container-core-columns-is-layout-9d6595d7 wp-block-columns-is-layout-flex\">\n<div class=\"wp-block-column is-vertically-aligned-top is-layout-flow wp-block-column-is-layout-flow\" style=\"flex-basis:40%\">\n<figure class=\"wp-block-image size-large sepia has-mobile-text-align-center\"><img loading=\"lazy\" decoding=\"async\" width=\"1024\" height=\"585\" src=\"https:\/\/www.monacoasset.com\/wp-content\/uploads\/2020\/07\/GettyImages-647607282-1024x585.jpg\" alt=\"\" class=\"wp-image-510\" srcset=\"https:\/\/www.monacoasset.com\/wp-content\/uploads\/2020\/07\/GettyImages-647607282-1024x585.jpg 1024w, https:\/\/www.monacoasset.com\/wp-content\/uploads\/2020\/07\/GettyImages-647607282-300x171.jpg 300w, https:\/\/www.monacoasset.com\/wp-content\/uploads\/2020\/07\/GettyImages-647607282-768x439.jpg 768w, https:\/\/www.monacoasset.com\/wp-content\/uploads\/2020\/07\/GettyImages-647607282-1536x877.jpg 1536w, https:\/\/www.monacoasset.com\/wp-content\/uploads\/2020\/07\/GettyImages-647607282-2048x1170.jpg 2048w\" sizes=\"auto, (max-width: 1024px) 100vw, 1024px\" \/><\/figure>\n\n\n\n<p><\/p>\n<\/div>\n\n\n\n<div class=\"wp-block-column is-vertically-aligned-center is-layout-flow wp-block-column-is-layout-flow\">\n<h4 class=\"has-text-color wp-block-heading\" style=\"color:#b2a084\">Initiative \u00ab\u00a0Impact Investing\u00a0\u00bb<\/h4>\n\n\n\n<div style=\"height:20px\" aria-hidden=\"true\" class=\"wp-block-spacer\"><\/div>\n\n\n\n<p>L&rsquo;investissement d&rsquo;impact d\u00e9signe les investissements r\u00e9alis\u00e9s dans des entreprises, des organisations et des fonds dans le but de g\u00e9n\u00e9rer un impact social ou environnemental mesurable et b\u00e9n\u00e9fique, ainsi qu&rsquo;un rendement financier. Faire le bien tout en faisant le bien. Nous croyons en la construction d&rsquo;un portefeuille qui peut atteindre des rendements ajust\u00e9s au risque similaires \u00e0 ceux d&rsquo;un portefeuille traditionnel, tout en allouant 100 % du capital \u00e0 des investissements qui ont un impact tangible en ce qui concerne les 17 objectifs de d\u00e9veloppement durable des Nations unies. Notre avantage vient de notre capacit\u00e9 \u00e0 trouver des opportunit\u00e9s d&rsquo;investissement \u00e0 impact unique dans toutes les cat\u00e9gories d&rsquo;actifs. Notre mission est de g\u00e9n\u00e9rer des rendements satisfaisants ajust\u00e9s au risque avec un impact maximal. Nous \u00e9valuons r\u00e9guli\u00e8rement les performances et l&rsquo;impact de la strat\u00e9gie pour nous assurer que notre mission \u00ab\u00a0d&rsquo;impact sans sacrifice\u00a0\u00bb est respect\u00e9e.<\/p>\n<\/div>\n<\/div>\n\n\n\n<p><\/p>\n<\/div><\/div>\n\n\n\n<div class=\"wp-block-ga-block-animation-block\"><div style=\"z-index:1\" class=\"gutenberg-animate-block animated hide-before no-delay default-speed\" data-in=\"fadeIn\" data-reset=\"false\" data-emergence=\"hidden\">\n<p><\/p>\n<\/div><\/div>\n\n\n\n<div style=\"height:100px\" aria-hidden=\"true\" class=\"wp-block-spacer\"><\/div>\n","protected":false},"excerpt":{"rendered":"<p>Monaco Asset Management vise \u00e0 produire des rendements sup\u00e9rieurs ajust\u00e9s aux risques pour ses clients. L&rsquo;objectif de l&rsquo;\u00e9quipe d&rsquo;investissement est de g\u00e9n\u00e9rer un alpha positif tout en se concentrant continuellement sur la pr\u00e9servation du capital. Il s&rsquo;agit l\u00e0 de notre principale proposition de valeur diff\u00e9renciatrice. C&rsquo;est le fondement de nos solutions de gestion d&rsquo;actifs discr\u00e9tionnaires [&hellip;]<\/p>\n","protected":false},"author":1,"featured_media":0,"parent":0,"menu_order":0,"comment_status":"closed","ping_status":"closed","template":"","meta":{"_acf_changed":false,"_editorskit_title_hidden":false,"_editorskit_reading_time":2,"_editorskit_is_block_options_detached":false,"_editorskit_block_options_position":"{}","footnotes":""},"class_list":["post-343","page","type-page","status-publish","hentry"],"acf":[],"yoast_head":"<!-- This site is optimized with the Yoast SEO plugin v27.0 - https:\/\/yoast.com\/product\/yoast-seo-wordpress\/ -->\n<title>Solutions d\u2019investissement - Monaco Asset Management<\/title>\n<meta name=\"robots\" content=\"index, follow, max-snippet:-1, max-image-preview:large, max-video-preview:-1\" \/>\n<link rel=\"canonical\" href=\"https:\/\/www.monacoasset.com\/fr\/investment-solutions\/\" \/>\n<meta property=\"og:locale\" content=\"fr_FR\" \/>\n<meta property=\"og:type\" content=\"article\" \/>\n<meta property=\"og:title\" content=\"Solutions d\u2019investissement - Monaco Asset Management\" \/>\n<meta property=\"og:description\" content=\"Monaco Asset Management vise \u00e0 produire des rendements sup\u00e9rieurs ajust\u00e9s aux risques pour ses clients. L&rsquo;objectif de l&rsquo;\u00e9quipe d&rsquo;investissement est de g\u00e9n\u00e9rer un alpha positif tout en se concentrant continuellement sur la pr\u00e9servation du capital. Il s&rsquo;agit l\u00e0 de notre principale proposition de valeur diff\u00e9renciatrice. C&rsquo;est le fondement de nos solutions de gestion d&rsquo;actifs discr\u00e9tionnaires [&hellip;]\" \/>\n<meta property=\"og:url\" content=\"https:\/\/www.monacoasset.com\/fr\/investment-solutions\/\" \/>\n<meta property=\"og:site_name\" content=\"Monaco Asset Management\" \/>\n<meta property=\"article:modified_time\" content=\"2023-05-03T16:15:48+00:00\" \/>\n<meta property=\"og:image\" content=\"https:\/\/www.monacoasset.com\/wp-content\/uploads\/2020\/07\/GettyImages-1079974636-1024x541.jpg\" \/>\n<meta name=\"twitter:card\" content=\"summary_large_image\" \/>\n<meta name=\"twitter:label1\" content=\"Dur\u00e9e de lecture estim\u00e9e\" \/>\n\t<meta name=\"twitter:data1\" content=\"4 minutes\" \/>\n<script type=\"application\/ld+json\" class=\"yoast-schema-graph\">{\"@context\":\"https:\/\/schema.org\",\"@graph\":[{\"@type\":\"WebPage\",\"@id\":\"https:\/\/www.monacoasset.com\/fr\/investment-solutions\/\",\"url\":\"https:\/\/www.monacoasset.com\/fr\/investment-solutions\/\",\"name\":\"Solutions d\u2019investissement - Monaco Asset Management\",\"isPartOf\":{\"@id\":\"https:\/\/www.monacoasset.com\/#website\"},\"primaryImageOfPage\":{\"@id\":\"https:\/\/www.monacoasset.com\/fr\/investment-solutions\/#primaryimage\"},\"image\":{\"@id\":\"https:\/\/www.monacoasset.com\/fr\/investment-solutions\/#primaryimage\"},\"thumbnailUrl\":\"https:\/\/www.monacoasset.com\/wp-content\/uploads\/2020\/07\/GettyImages-1079974636-1024x541.jpg\",\"datePublished\":\"2020-06-25T08:23:04+00:00\",\"dateModified\":\"2023-05-03T16:15:48+00:00\",\"breadcrumb\":{\"@id\":\"https:\/\/www.monacoasset.com\/fr\/investment-solutions\/#breadcrumb\"},\"inLanguage\":\"fr-FR\",\"potentialAction\":[{\"@type\":\"ReadAction\",\"target\":[\"https:\/\/www.monacoasset.com\/fr\/investment-solutions\/\"]}]},{\"@type\":\"ImageObject\",\"inLanguage\":\"fr-FR\",\"@id\":\"https:\/\/www.monacoasset.com\/fr\/investment-solutions\/#primaryimage\",\"url\":\"https:\/\/www.monacoasset.com\/wp-content\/uploads\/2020\/07\/GettyImages-1079974636-1024x541.jpg\",\"contentUrl\":\"https:\/\/www.monacoasset.com\/wp-content\/uploads\/2020\/07\/GettyImages-1079974636-1024x541.jpg\"},{\"@type\":\"BreadcrumbList\",\"@id\":\"https:\/\/www.monacoasset.com\/fr\/investment-solutions\/#breadcrumb\",\"itemListElement\":[{\"@type\":\"ListItem\",\"position\":1,\"name\":\"Home\",\"item\":\"https:\/\/www.monacoasset.com\/fr\/\"},{\"@type\":\"ListItem\",\"position\":2,\"name\":\"Solutions d\u2019investissement\"}]},{\"@type\":\"WebSite\",\"@id\":\"https:\/\/www.monacoasset.com\/#website\",\"url\":\"https:\/\/www.monacoasset.com\/\",\"name\":\"Monaco Asset Management\",\"description\":\"\",\"potentialAction\":[{\"@type\":\"SearchAction\",\"target\":{\"@type\":\"EntryPoint\",\"urlTemplate\":\"https:\/\/www.monacoasset.com\/?s={search_term_string}\"},\"query-input\":{\"@type\":\"PropertyValueSpecification\",\"valueRequired\":true,\"valueName\":\"search_term_string\"}}],\"inLanguage\":\"fr-FR\"}]}<\/script>\n<!-- \/ Yoast SEO plugin. -->","yoast_head_json":{"title":"Solutions d\u2019investissement - Monaco Asset Management","robots":{"index":"index","follow":"follow","max-snippet":"max-snippet:-1","max-image-preview":"max-image-preview:large","max-video-preview":"max-video-preview:-1"},"canonical":"https:\/\/www.monacoasset.com\/fr\/investment-solutions\/","og_locale":"fr_FR","og_type":"article","og_title":"Solutions d\u2019investissement - Monaco Asset Management","og_description":"Monaco Asset Management vise \u00e0 produire des rendements sup\u00e9rieurs ajust\u00e9s aux risques pour ses clients. L&rsquo;objectif de l&rsquo;\u00e9quipe d&rsquo;investissement est de g\u00e9n\u00e9rer un alpha positif tout en se concentrant continuellement sur la pr\u00e9servation du capital. Il s&rsquo;agit l\u00e0 de notre principale proposition de valeur diff\u00e9renciatrice. C&rsquo;est le fondement de nos solutions de gestion d&rsquo;actifs discr\u00e9tionnaires [&hellip;]","og_url":"https:\/\/www.monacoasset.com\/fr\/investment-solutions\/","og_site_name":"Monaco Asset Management","article_modified_time":"2023-05-03T16:15:48+00:00","og_image":[{"url":"https:\/\/www.monacoasset.com\/wp-content\/uploads\/2020\/07\/GettyImages-1079974636-1024x541.jpg","type":"","width":"","height":""}],"twitter_card":"summary_large_image","twitter_misc":{"Dur\u00e9e de lecture estim\u00e9e":"4 minutes"},"schema":{"@context":"https:\/\/schema.org","@graph":[{"@type":"WebPage","@id":"https:\/\/www.monacoasset.com\/fr\/investment-solutions\/","url":"https:\/\/www.monacoasset.com\/fr\/investment-solutions\/","name":"Solutions d\u2019investissement - Monaco Asset Management","isPartOf":{"@id":"https:\/\/www.monacoasset.com\/#website"},"primaryImageOfPage":{"@id":"https:\/\/www.monacoasset.com\/fr\/investment-solutions\/#primaryimage"},"image":{"@id":"https:\/\/www.monacoasset.com\/fr\/investment-solutions\/#primaryimage"},"thumbnailUrl":"https:\/\/www.monacoasset.com\/wp-content\/uploads\/2020\/07\/GettyImages-1079974636-1024x541.jpg","datePublished":"2020-06-25T08:23:04+00:00","dateModified":"2023-05-03T16:15:48+00:00","breadcrumb":{"@id":"https:\/\/www.monacoasset.com\/fr\/investment-solutions\/#breadcrumb"},"inLanguage":"fr-FR","potentialAction":[{"@type":"ReadAction","target":["https:\/\/www.monacoasset.com\/fr\/investment-solutions\/"]}]},{"@type":"ImageObject","inLanguage":"fr-FR","@id":"https:\/\/www.monacoasset.com\/fr\/investment-solutions\/#primaryimage","url":"https:\/\/www.monacoasset.com\/wp-content\/uploads\/2020\/07\/GettyImages-1079974636-1024x541.jpg","contentUrl":"https:\/\/www.monacoasset.com\/wp-content\/uploads\/2020\/07\/GettyImages-1079974636-1024x541.jpg"},{"@type":"BreadcrumbList","@id":"https:\/\/www.monacoasset.com\/fr\/investment-solutions\/#breadcrumb","itemListElement":[{"@type":"ListItem","position":1,"name":"Home","item":"https:\/\/www.monacoasset.com\/fr\/"},{"@type":"ListItem","position":2,"name":"Solutions d\u2019investissement"}]},{"@type":"WebSite","@id":"https:\/\/www.monacoasset.com\/#website","url":"https:\/\/www.monacoasset.com\/","name":"Monaco Asset Management","description":"","potentialAction":[{"@type":"SearchAction","target":{"@type":"EntryPoint","urlTemplate":"https:\/\/www.monacoasset.com\/?s={search_term_string}"},"query-input":{"@type":"PropertyValueSpecification","valueRequired":true,"valueName":"search_term_string"}}],"inLanguage":"fr-FR"}]}},"jetpack_sharing_enabled":true,"_links":{"self":[{"href":"https:\/\/www.monacoasset.com\/fr\/wp-json\/wp\/v2\/pages\/343","targetHints":{"allow":["GET"]}}],"collection":[{"href":"https:\/\/www.monacoasset.com\/fr\/wp-json\/wp\/v2\/pages"}],"about":[{"href":"https:\/\/www.monacoasset.com\/fr\/wp-json\/wp\/v2\/types\/page"}],"author":[{"embeddable":true,"href":"https:\/\/www.monacoasset.com\/fr\/wp-json\/wp\/v2\/users\/1"}],"replies":[{"embeddable":true,"href":"https:\/\/www.monacoasset.com\/fr\/wp-json\/wp\/v2\/comments?post=343"}],"version-history":[{"count":8,"href":"https:\/\/www.monacoasset.com\/fr\/wp-json\/wp\/v2\/pages\/343\/revisions"}],"predecessor-version":[{"id":1325,"href":"https:\/\/www.monacoasset.com\/fr\/wp-json\/wp\/v2\/pages\/343\/revisions\/1325"}],"wp:attachment":[{"href":"https:\/\/www.monacoasset.com\/fr\/wp-json\/wp\/v2\/media?parent=343"}],"curies":[{"name":"wp","href":"https:\/\/api.w.org\/{rel}","templated":true}]}}