{"id":341,"date":"2020-06-25T08:23:40","date_gmt":"2020-06-25T08:23:40","guid":{"rendered":"https:\/\/www.monacoasset.com\/?page_id=341"},"modified":"2024-11-20T18:26:37","modified_gmt":"2024-11-20T18:26:37","slug":"contact","status":"publish","type":"page","link":"https:\/\/www.monacoasset.com\/fr\/contact\/","title":{"rendered":"Information G\u00e9n\u00e9rales de Contact"},"content":{"rendered":"\n<div class=\"wp-block-columns is-layout-flex wp-container-core-columns-is-layout-9d6595d7 wp-block-columns-is-layout-flex\">\n<div class=\"wp-block-column is-layout-flow wp-block-column-is-layout-flow\" style=\"flex-basis:45%\">\n<p class=\"has-medium-font-size\">Villa Les Fleurs<br>27 Boulevard Princesse Charlotte<br>MC \u2013 98000 Monaco<\/p>\n\n\n\n<p>Tel +377 97 97 64 00<br>Fax +377 97 97 64 01<br><a class=\"ek-link ek-link\" href=\"mailto:info@monacoasset.com\">info@monacoasset.com<\/a><\/p>\n\n\n<div class=\"wp-bootstrap-blocks-button\">\n\t<a\n\t\thref=\"\"\n\t\t\t\t\t\tclass=\"btn send-button popup-contact btn-primary\"\n\t>\n\t\tContactez-Nous\t<\/a>\n<\/div>\n\n\n\n<div style=\"height:20px\" aria-hidden=\"true\" class=\"wp-block-spacer\"><\/div>\n\n\n\n<p class=\"has-normal-font-size\"><\/p>\n\n\n\n<p class=\"has-normal-font-size\"><\/p>\n\n\n\n<p class=\"has-medium-font-size\">Candidature spontan\u00e9e<\/p>\n\n\n<div class=\"wp-bootstrap-blocks-button\">\n\t<a\n\t\thref=\"\"\n\t\t\t\t\t\tclass=\"btn send-button popup-apply btn-primary\"\n\t>\n\t\tPostulez\t<\/a>\n<\/div>\n<\/div>\n\n\n\n<div class=\"wp-block-column is-layout-flow wp-block-column-is-layout-flow\">\n<figure class=\"wp-block-image size-large\"><img loading=\"lazy\" decoding=\"async\" width=\"1024\" height=\"669\" src=\"https:\/\/www.monacoasset.com\/wp-content\/uploads\/2020\/07\/Monaco-Saturated-Picture-1024x669.png\" alt=\"\" class=\"wp-image-445\" srcset=\"https:\/\/www.monacoasset.com\/wp-content\/uploads\/2020\/07\/Monaco-Saturated-Picture-1024x669.png 1024w, https:\/\/www.monacoasset.com\/wp-content\/uploads\/2020\/07\/Monaco-Saturated-Picture-300x196.png 300w, https:\/\/www.monacoasset.com\/wp-content\/uploads\/2020\/07\/Monaco-Saturated-Picture-768x502.png 768w, https:\/\/www.monacoasset.com\/wp-content\/uploads\/2020\/07\/Monaco-Saturated-Picture.png 1444w\" sizes=\"auto, (max-width: 1024px) 100vw, 1024px\" \/><\/figure>\n<\/div>\n<\/div>\n\n\n\n<p>Les donn\u00e9es personnelles collect\u00e9es via ces formulaires sont trait\u00e9es par Monaco Asset Management S.A.M. pour des finalit\u00e9s de recrutement ou de prospection. Pour plus d&rsquo;information sur le traitement de vos donn\u00e9es personnelles et exercer vos droits, vous pouvez acc\u00e9der notre <a href=\"https:\/\/www.monacoasset.com\/fr\/personal-data-protection-policy\/\" class=\"ek-link\">Engagement de protection des donn\u00e9es personnelles<\/a>.<\/p>\n","protected":false},"excerpt":{"rendered":"<p>Villa Les Fleurs27 Boulevard Princesse CharlotteMC \u2013 98000 Monaco Tel +377 97 97 64 00Fax +377 97 97 64 01info@monacoasset.com Candidature spontan\u00e9e Les donn\u00e9es personnelles collect\u00e9es via ces formulaires sont trait\u00e9es par Monaco Asset Management S.A.M. pour des finalit\u00e9s de recrutement ou de prospection. Pour plus d&rsquo;information sur le traitement de vos donn\u00e9es personnelles et [&hellip;]<\/p>\n","protected":false},"author":1,"featured_media":0,"parent":0,"menu_order":0,"comment_status":"closed","ping_status":"closed","template":"","meta":{"_acf_changed":false,"_editorskit_title_hidden":false,"_editorskit_reading_time":1,"_editorskit_is_block_options_detached":false,"_editorskit_block_options_position":"{}","footnotes":""},"class_list":["post-341","page","type-page","status-publish","hentry"],"acf":[],"yoast_head":"<!-- This site is optimized with the Yoast SEO plugin v27.0 - https:\/\/yoast.com\/product\/yoast-seo-wordpress\/ -->\n<title>Information G\u00e9n\u00e9rales de Contact - Monaco Asset Management<\/title>\n<meta name=\"robots\" content=\"index, follow, max-snippet:-1, max-image-preview:large, max-video-preview:-1\" \/>\n<link rel=\"canonical\" href=\"https:\/\/www.monacoasset.com\/fr\/contact\/\" \/>\n<meta property=\"og:locale\" content=\"fr_FR\" \/>\n<meta property=\"og:type\" content=\"article\" \/>\n<meta property=\"og:title\" content=\"Information G\u00e9n\u00e9rales de Contact - Monaco Asset Management\" \/>\n<meta property=\"og:description\" content=\"Villa Les Fleurs27 Boulevard Princesse CharlotteMC \u2013 98000 Monaco Tel +377 97 97 64 00Fax +377 97 97 64 01info@monacoasset.com Candidature spontan\u00e9e Les donn\u00e9es personnelles collect\u00e9es via ces formulaires sont trait\u00e9es par Monaco Asset Management S.A.M. pour des finalit\u00e9s de recrutement ou de prospection. Pour plus d&rsquo;information sur le traitement de vos donn\u00e9es personnelles et [&hellip;]\" \/>\n<meta property=\"og:url\" content=\"https:\/\/www.monacoasset.com\/fr\/contact\/\" \/>\n<meta property=\"og:site_name\" content=\"Monaco Asset Management\" \/>\n<meta property=\"article:modified_time\" content=\"2024-11-20T18:26:37+00:00\" \/>\n<meta property=\"og:image\" content=\"https:\/\/www.monacoasset.com\/wp-content\/uploads\/2020\/07\/Monaco-Saturated-Picture-1024x669.png\" \/>\n<meta name=\"twitter:card\" content=\"summary_large_image\" \/>\n<meta name=\"twitter:label1\" content=\"Dur\u00e9e de lecture estim\u00e9e\" \/>\n\t<meta name=\"twitter:data1\" content=\"1 minute\" \/>\n<script type=\"application\/ld+json\" class=\"yoast-schema-graph\">{\"@context\":\"https:\/\/schema.org\",\"@graph\":[{\"@type\":\"WebPage\",\"@id\":\"https:\/\/www.monacoasset.com\/fr\/contact\/\",\"url\":\"https:\/\/www.monacoasset.com\/fr\/contact\/\",\"name\":\"Information G\u00e9n\u00e9rales de Contact - Monaco Asset Management\",\"isPartOf\":{\"@id\":\"https:\/\/www.monacoasset.com\/#website\"},\"primaryImageOfPage\":{\"@id\":\"https:\/\/www.monacoasset.com\/fr\/contact\/#primaryimage\"},\"image\":{\"@id\":\"https:\/\/www.monacoasset.com\/fr\/contact\/#primaryimage\"},\"thumbnailUrl\":\"https:\/\/www.monacoasset.com\/wp-content\/uploads\/2020\/07\/Monaco-Saturated-Picture-1024x669.png\",\"datePublished\":\"2020-06-25T08:23:40+00:00\",\"dateModified\":\"2024-11-20T18:26:37+00:00\",\"breadcrumb\":{\"@id\":\"https:\/\/www.monacoasset.com\/fr\/contact\/#breadcrumb\"},\"inLanguage\":\"fr-FR\",\"potentialAction\":[{\"@type\":\"ReadAction\",\"target\":[\"https:\/\/www.monacoasset.com\/fr\/contact\/\"]}]},{\"@type\":\"ImageObject\",\"inLanguage\":\"fr-FR\",\"@id\":\"https:\/\/www.monacoasset.com\/fr\/contact\/#primaryimage\",\"url\":\"https:\/\/www.monacoasset.com\/wp-content\/uploads\/2020\/07\/Monaco-Saturated-Picture-1024x669.png\",\"contentUrl\":\"https:\/\/www.monacoasset.com\/wp-content\/uploads\/2020\/07\/Monaco-Saturated-Picture-1024x669.png\"},{\"@type\":\"BreadcrumbList\",\"@id\":\"https:\/\/www.monacoasset.com\/fr\/contact\/#breadcrumb\",\"itemListElement\":[{\"@type\":\"ListItem\",\"position\":1,\"name\":\"Home\",\"item\":\"https:\/\/www.monacoasset.com\/fr\/\"},{\"@type\":\"ListItem\",\"position\":2,\"name\":\"Information G\u00e9n\u00e9rales de Contact\"}]},{\"@type\":\"WebSite\",\"@id\":\"https:\/\/www.monacoasset.com\/#website\",\"url\":\"https:\/\/www.monacoasset.com\/\",\"name\":\"Monaco Asset Management\",\"description\":\"\",\"potentialAction\":[{\"@type\":\"SearchAction\",\"target\":{\"@type\":\"EntryPoint\",\"urlTemplate\":\"https:\/\/www.monacoasset.com\/?s={search_term_string}\"},\"query-input\":{\"@type\":\"PropertyValueSpecification\",\"valueRequired\":true,\"valueName\":\"search_term_string\"}}],\"inLanguage\":\"fr-FR\"}]}<\/script>\n<!-- \/ Yoast SEO plugin. -->","yoast_head_json":{"title":"Information G\u00e9n\u00e9rales de Contact - Monaco Asset Management","robots":{"index":"index","follow":"follow","max-snippet":"max-snippet:-1","max-image-preview":"max-image-preview:large","max-video-preview":"max-video-preview:-1"},"canonical":"https:\/\/www.monacoasset.com\/fr\/contact\/","og_locale":"fr_FR","og_type":"article","og_title":"Information G\u00e9n\u00e9rales de Contact - Monaco Asset Management","og_description":"Villa Les Fleurs27 Boulevard Princesse CharlotteMC \u2013 98000 Monaco Tel +377 97 97 64 00Fax +377 97 97 64 01info@monacoasset.com Candidature spontan\u00e9e Les donn\u00e9es personnelles collect\u00e9es via ces formulaires sont trait\u00e9es par Monaco Asset Management S.A.M. pour des finalit\u00e9s de recrutement ou de prospection. Pour plus d&rsquo;information sur le traitement de vos donn\u00e9es personnelles et [&hellip;]","og_url":"https:\/\/www.monacoasset.com\/fr\/contact\/","og_site_name":"Monaco Asset Management","article_modified_time":"2024-11-20T18:26:37+00:00","og_image":[{"url":"https:\/\/www.monacoasset.com\/wp-content\/uploads\/2020\/07\/Monaco-Saturated-Picture-1024x669.png","type":"","width":"","height":""}],"twitter_card":"summary_large_image","twitter_misc":{"Dur\u00e9e de lecture estim\u00e9e":"1 minute"},"schema":{"@context":"https:\/\/schema.org","@graph":[{"@type":"WebPage","@id":"https:\/\/www.monacoasset.com\/fr\/contact\/","url":"https:\/\/www.monacoasset.com\/fr\/contact\/","name":"Information G\u00e9n\u00e9rales de Contact - Monaco Asset Management","isPartOf":{"@id":"https:\/\/www.monacoasset.com\/#website"},"primaryImageOfPage":{"@id":"https:\/\/www.monacoasset.com\/fr\/contact\/#primaryimage"},"image":{"@id":"https:\/\/www.monacoasset.com\/fr\/contact\/#primaryimage"},"thumbnailUrl":"https:\/\/www.monacoasset.com\/wp-content\/uploads\/2020\/07\/Monaco-Saturated-Picture-1024x669.png","datePublished":"2020-06-25T08:23:40+00:00","dateModified":"2024-11-20T18:26:37+00:00","breadcrumb":{"@id":"https:\/\/www.monacoasset.com\/fr\/contact\/#breadcrumb"},"inLanguage":"fr-FR","potentialAction":[{"@type":"ReadAction","target":["https:\/\/www.monacoasset.com\/fr\/contact\/"]}]},{"@type":"ImageObject","inLanguage":"fr-FR","@id":"https:\/\/www.monacoasset.com\/fr\/contact\/#primaryimage","url":"https:\/\/www.monacoasset.com\/wp-content\/uploads\/2020\/07\/Monaco-Saturated-Picture-1024x669.png","contentUrl":"https:\/\/www.monacoasset.com\/wp-content\/uploads\/2020\/07\/Monaco-Saturated-Picture-1024x669.png"},{"@type":"BreadcrumbList","@id":"https:\/\/www.monacoasset.com\/fr\/contact\/#breadcrumb","itemListElement":[{"@type":"ListItem","position":1,"name":"Home","item":"https:\/\/www.monacoasset.com\/fr\/"},{"@type":"ListItem","position":2,"name":"Information G\u00e9n\u00e9rales de Contact"}]},{"@type":"WebSite","@id":"https:\/\/www.monacoasset.com\/#website","url":"https:\/\/www.monacoasset.com\/","name":"Monaco Asset Management","description":"","potentialAction":[{"@type":"SearchAction","target":{"@type":"EntryPoint","urlTemplate":"https:\/\/www.monacoasset.com\/?s={search_term_string}"},"query-input":{"@type":"PropertyValueSpecification","valueRequired":true,"valueName":"search_term_string"}}],"inLanguage":"fr-FR"}]}},"jetpack_sharing_enabled":true,"_links":{"self":[{"href":"https:\/\/www.monacoasset.com\/fr\/wp-json\/wp\/v2\/pages\/341","targetHints":{"allow":["GET"]}}],"collection":[{"href":"https:\/\/www.monacoasset.com\/fr\/wp-json\/wp\/v2\/pages"}],"about":[{"href":"https:\/\/www.monacoasset.com\/fr\/wp-json\/wp\/v2\/types\/page"}],"author":[{"embeddable":true,"href":"https:\/\/www.monacoasset.com\/fr\/wp-json\/wp\/v2\/users\/1"}],"replies":[{"embeddable":true,"href":"https:\/\/www.monacoasset.com\/fr\/wp-json\/wp\/v2\/comments?post=341"}],"version-history":[{"count":14,"href":"https:\/\/www.monacoasset.com\/fr\/wp-json\/wp\/v2\/pages\/341\/revisions"}],"predecessor-version":[{"id":1365,"href":"https:\/\/www.monacoasset.com\/fr\/wp-json\/wp\/v2\/pages\/341\/revisions\/1365"}],"wp:attachment":[{"href":"https:\/\/www.monacoasset.com\/fr\/wp-json\/wp\/v2\/media?parent=341"}],"curies":[{"name":"wp","href":"https:\/\/api.w.org\/{rel}","templated":true}]}}