{"id":336,"date":"2020-06-25T08:23:30","date_gmt":"2020-06-25T08:23:30","guid":{"rendered":"https:\/\/www.monacoasset.com\/esg-focus\/"},"modified":"2026-02-19T09:18:44","modified_gmt":"2026-02-19T09:18:44","slug":"esg-focus","status":"publish","type":"page","link":"https:\/\/www.monacoasset.com\/fr\/esg-focus\/","title":{"rendered":"Focus ESG"},"content":{"rendered":"\n<p class=\"has-text-color\" style=\"color:#b2a084;font-size:18px\"><em>L&rsquo;excellence, l&rsquo;int\u00e9grit\u00e9 et le travail d&rsquo;\u00e9quipe sont les piliers fondamentaux qui soutiennent notre culture d&rsquo;entreprise.<\/em><\/p>\n\n\n\n<div style=\"height:50px\" aria-hidden=\"true\" class=\"wp-block-spacer\"><\/div>\n\n\n\n<div id=\"onglets-tab-block_265b3f58b1e67fa00a20bc306bbc3520\" class=\"custom_block custom_block_onglets-tab \">\n\n\t<div class=\"row\">\n\t\t\n\t\t<div class=\"col-sm-3 col-6\"><div class=\"onglet\" id=\"onglet_onglets-tab-block_265b3f58b1e67fa00a20bc306bbc3520_tab_1\" data-onglet=\"tab_1\" style=\"border-bottom-color:#bcd585\">Environnement<\/div><\/div><style>\n\t\t\t\t#onglet_onglets-tab-block_265b3f58b1e67fa00a20bc306bbc3520_tab_1:hover,\n\t\t\t\t#onglet_onglets-tab-block_265b3f58b1e67fa00a20bc306bbc3520_tab_1.actif{ \n\t\t\t\t\tbackground-color:#bcd585; \n\t\t\t\t}\n\t\t\t\t.onglet_tab.tab_1{\n\t\t\t\t\tborder-bottom-color:#bcd585; \n\t\t\t\t}\n\t\t\t\t<\/style><div class=\"col-sm-3 col-6\"><div class=\"onglet\" id=\"onglet_onglets-tab-block_265b3f58b1e67fa00a20bc306bbc3520_tab_2\" data-onglet=\"tab_2\" style=\"border-bottom-color:#e5c68d\">SOCIAL<\/div><\/div><style>\n\t\t\t\t#onglet_onglets-tab-block_265b3f58b1e67fa00a20bc306bbc3520_tab_2:hover,\n\t\t\t\t#onglet_onglets-tab-block_265b3f58b1e67fa00a20bc306bbc3520_tab_2.actif{ \n\t\t\t\t\tbackground-color:#e5c68d; \n\t\t\t\t}\n\t\t\t\t.onglet_tab.tab_2{\n\t\t\t\t\tborder-bottom-color:#e5c68d; \n\t\t\t\t}\n\t\t\t\t<\/style><div class=\"col-sm-3 col-6\"><div class=\"onglet\" id=\"onglet_onglets-tab-block_265b3f58b1e67fa00a20bc306bbc3520_tab_3\" data-onglet=\"tab_3\" style=\"border-bottom-color:#75a6bc\">GOVERNANCE<\/div><\/div><style>\n\t\t\t\t#onglet_onglets-tab-block_265b3f58b1e67fa00a20bc306bbc3520_tab_3:hover,\n\t\t\t\t#onglet_onglets-tab-block_265b3f58b1e67fa00a20bc306bbc3520_tab_3.actif{ \n\t\t\t\t\tbackground-color:#75a6bc; \n\t\t\t\t}\n\t\t\t\t.onglet_tab.tab_3{\n\t\t\t\t\tborder-bottom-color:#75a6bc; \n\t\t\t\t}\n\t\t\t\t<\/style><div class=\"col-sm-3 col-6\"><div class=\"onglet\" id=\"onglet_onglets-tab-block_265b3f58b1e67fa00a20bc306bbc3520_tab_4\" data-onglet=\"tab_4\" style=\"border-bottom-color:#bca88c\">VISION 2030<\/div><\/div><style>\n\t\t\t\t#onglet_onglets-tab-block_265b3f58b1e67fa00a20bc306bbc3520_tab_4:hover,\n\t\t\t\t#onglet_onglets-tab-block_265b3f58b1e67fa00a20bc306bbc3520_tab_4.actif{ \n\t\t\t\t\tbackground-color:#bca88c; \n\t\t\t\t}\n\t\t\t\t.onglet_tab.tab_4{\n\t\t\t\t\tborder-bottom-color:#bca88c; \n\t\t\t\t}\n\t\t\t\t<\/style>\t\t\n\t<\/div>\n\n<\/div>\n\n\n\n\n<div class=\"wp-block-group onglet_tab tab_1 actif\"><div class=\"wp-block-group__inner-container is-layout-flow wp-block-group-is-layout-flow\">\n<h3 class=\"wp-block-heading\">Environment<\/h3>\n\n\n\n<p><strong>Qu&rsquo;est-ce que c&rsquo;est ?<\/strong><\/p>\n\n\n\n<p>Depuis la publication du Livre blanc sur la transition \u00e9nerg\u00e9tique en mars 2017, la Principaut\u00e9 de Monaco a mis en \u0153uvre une s\u00e9rie d&rsquo;actions visant \u00e0 promouvoir les sources d&rsquo;\u00e9nergie renouvelables et \u00e0 am\u00e9liorer l&rsquo;efficacit\u00e9 \u00e9nerg\u00e9tique. L&rsquo;objectif est d&rsquo;atteindre la neutralit\u00e9 carbone d&rsquo;ici 2030 gr\u00e2ce \u00e0 un plan ax\u00e9 sur la r\u00e9duction des \u00e9missions dans trois principaux segments : le transport routier, la consommation \u00e9nerg\u00e9tique des b\u00e2timents et la gestion des d\u00e9chets.<\/p>\n\n\n\n<p><strong>Notre engagement<\/strong><\/p>\n\n\n\n<p>Monaco Asset Management a sign\u00e9 le Pacte national de transition \u00e9nerg\u00e9tique en 2019.<\/p>\n\n\n\n<p>En mati\u00e8re de mobilit\u00e9, nos employ\u00e9s s&rsquo;efforcent d&rsquo;utiliser les transports publics et les v\u00e9hicules \u00e9lectriques tels que Mobee et Monabike pour leurs d\u00e9placements professionnels \u00e0 Monaco.<\/p>\n\n\n\n<p>En mati\u00e8re de consommation d&rsquo;\u00e9nergie, nos bureaux fonctionnent \u00e0 100% sur des \u00e9nergies renouvelables gr\u00e2ce \u00e0 la Soci\u00e9t\u00e9 Mon\u00e9gasque d&rsquo;Electricit\u00e9 et Gaz. Cela nous a permis de r\u00e9duire remarquablement notre empreinte carbone et d&rsquo;atteindre notre objectif de neutralit\u00e9 carbone d&rsquo;ici 2030.<\/p>\n\n\n\n<p>En ce qui concerne la gestion des d\u00e9chets, nous avons mis en place en 2014 une politique de recyclage qui a commenc\u00e9 par l&rsquo;installation de poubelles de recyclage dans nos bureaux. L&rsquo;entreprise a compl\u00e8tement \u00e9limin\u00e9 l&rsquo;utilisation des plastiques dans ses locaux. Les bouteilles en plastique ont \u00e9t\u00e9 remplac\u00e9es par des fontaines \u00e0 eau et des bouteilles d&rsquo;eau en verre. Nous avons \u00e9galement collabor\u00e9 avec Nespresso pour recycler toutes les capsules de caf\u00e9 consomm\u00e9es. Ces derniers temps, nous avons r\u00e9duit notre consommation de papier de plus de 30 % et commenc\u00e9 \u00e0 utiliser du papier enti\u00e8rement recycl\u00e9 pour nos documentations internes.<\/p>\n\n\n\n<p><\/p>\n<\/div><\/div>\n\n\n\n<div class=\"wp-block-group onglet_tab tab_2\"><div class=\"wp-block-group__inner-container is-layout-flow wp-block-group-is-layout-flow\">\n<h3 class=\"wp-block-heading\">Social<\/h3>\n\n\n\n<p><\/p>\n\n\n\n<p><\/p>\n\n\n\n<p><\/p>\n\n\n\n<div class=\"wp-block-columns is-layout-flex wp-container-core-columns-is-layout-9d6595d7 wp-block-columns-is-layout-flex\">\n<div class=\"wp-block-column is-layout-flow wp-block-column-is-layout-flow\" style=\"flex-basis:33.33%\"><div class=\"wp-block-image\">\n<figure class=\"aligncenter size-large\"><img loading=\"lazy\" decoding=\"async\" width=\"90\" height=\"90\" src=\"https:\/\/www.monacoasset.com\/wp-content\/uploads\/2020\/07\/logonfl.png\" alt=\"\" class=\"wp-image-257\"\/><\/figure>\n<\/div><\/div>\n\n\n\n<div class=\"wp-block-column is-vertically-aligned-center is-layout-flow wp-block-column-is-layout-flow\" style=\"flex-basis:66.66%\">\n<h2 class=\"wp-block-heading has-text-color\" style=\"color:#b2a084\">No Finish Line<\/h2>\n<\/div>\n<\/div>\n\n\n\n<p><strong>Qu&rsquo;est-ce que c&rsquo;est ?<\/strong><\/p>\n\n\n\n<p>L&rsquo;\u00e9v\u00e9nement de solidarit\u00e9 plac\u00e9 sous le haut patronage de Son Altesse S\u00e9r\u00e9nissime le Prince Souverain Albert II, lanc\u00e9 en 1999, est une course ouverte \u00e0 tous. Son principe est simple et accessible \u00e0 tous ceux qui souhaitent y participer. Les gens marchent ou courent sur un circuit d&rsquo;environ 1,4 km ouvert 24 heures sur 24 pendant 8 jours cons\u00e9cutifs, aussi longtemps et autant de fois qu&rsquo;ils le souhaitent.<\/p>\n\n\n\n<p>Pour chaque kilom\u00e8tre parcouru, Children &amp; Future verse 1 euro pour soutenir des projets en faveur des enfants d\u00e9favoris\u00e9s ou malades. Les objectifs de l&rsquo;association sont de promouvoir et de contribuer au soutien et au respect des droits de l&rsquo;enfant dans le monde en r\u00e9alisant ou en soutenant des projets qui am\u00e9liorent leurs conditions de vie en termes de sant\u00e9, d&rsquo;\u00e9ducation, d&rsquo;hygi\u00e8ne et de nutrition.<\/p>\n\n\n\n<p><strong>Notre engagement<\/strong><\/p>\n\n\n\n<p>Chaque ann\u00e9e depuis 2014, l&rsquo;entreprise participe en \u00e9quipe \u00e0 l&rsquo;entreprise. En 2018, nous avons renforc\u00e9 notre engagement et sommes d\u00e9sormais sponsor officiel de l&rsquo;\u00e9v\u00e9nement. Monaco Asset Management s&rsquo;engage \u00e0 verser 1 euro pour chaque kilom\u00e8tre parcouru par un membre de son \u00e9quipe, qui n&rsquo;est pas limit\u00e9 \u00e0 ses propres employ\u00e9s<\/p>\n\n\n\n<p>Nos employ\u00e9s ont couvert collectivement plus de 6 800 km depuis 2016 et notre engagement n&rsquo;a fait qu&rsquo;augmenter d&rsquo;ann\u00e9e en ann\u00e9e avec plus de 4 600 km couverts entre les \u00e9ditions 2018 et 2019. Cela signifie que des milliers d&rsquo;euros ont d\u00e9j\u00e0 \u00e9t\u00e9 distribu\u00e9s \u00e0 l&rsquo;association Children &amp; Future.<\/p>\n\n\n\n<div style=\"height:50px\" aria-hidden=\"true\" class=\"wp-block-spacer\"><\/div>\n\n\n\n<div class=\"wp-block-columns is-layout-flex wp-container-core-columns-is-layout-9d6595d7 wp-block-columns-is-layout-flex\">\n<div class=\"wp-block-column is-layout-flow wp-block-column-is-layout-flow\" style=\"flex-basis:33.33%\"><div class=\"wp-block-image\">\n<figure class=\"aligncenter size-large\"><img loading=\"lazy\" decoding=\"async\" width=\"90\" height=\"90\" src=\"https:\/\/www.monacoasset.com\/wp-content\/uploads\/2020\/07\/logoindo.png\" alt=\"\" class=\"wp-image-259\"\/><\/figure>\n<\/div><\/div>\n\n\n\n<div class=\"wp-block-column is-vertically-aligned-center is-layout-flow wp-block-column-is-layout-flow\" style=\"flex-basis:66.66%\">\n<h2 class=\"wp-block-heading has-text-color\" style=\"color:#b2a084\">Indigo<\/h2>\n<\/div>\n<\/div>\n\n\n\n<p><strong>Qu&rsquo;est-ce que c&rsquo;est ?<\/strong><\/p>\n\n\n\n<p>L&rsquo;association fond\u00e9e en 1993 \u00e0 l&rsquo;h\u00f4pital Lenval de Nice par le Dr Mireille Kreitmann, psychologue au service d&rsquo;h\u00e9mato-oncologie, permet aux enfants atteints de tumeurs, de leuc\u00e9mie ou d&rsquo;infection par le VIH de continuer \u00e0 d\u00e9velopper leurs capacit\u00e9s cr\u00e9atives gr\u00e2ce \u00e0 de multiples activit\u00e9s.<\/p>\n\n\n\n<p>Ces moments de joie partag\u00e9e entre patients et infirmi\u00e8res permettent \u00e0 chacun de surmonter les verrous derri\u00e8re lesquels chacun peut cacher ses angoisses et ses sentiments personnels et de voir ou de vivre la maladie sous un tout autre angle.<\/p>\n\n\n\n<p><strong>Notre engagement<\/strong><\/p>\n\n\n\n<p>Chaque ann\u00e9e depuis 2004, Monaco Asset Management propose \u00e0 une douzaine d&rsquo;enfants du service d&rsquo;h\u00e9mato-oncologie de Nice une journ\u00e9e sp\u00e9ciale \u00e0 l&rsquo;occasion de l&rsquo;ouverture du tournoi de tennis Rolex Masters de Monte-Carlo au Monte Carlo Country Club.<\/p>\n\n\n\n<p>Au fil des ann\u00e9es, une relation privil\u00e9gi\u00e9e s&rsquo;est d\u00e9velopp\u00e9e avec certains joueurs qui offrent un moment de sensibilit\u00e9, de gentillesse et d&rsquo;autographes sur les courts apr\u00e8s une s\u00e9ance d&rsquo;entra\u00eenement.<\/p>\n\n\n\n<p><\/p>\n<\/div><\/div>\n\n\n\n<div class=\"wp-block-group onglet_tab tab_3\"><div class=\"wp-block-group__inner-container is-layout-flow wp-block-group-is-layout-flow\">\n<h3 class=\"wp-block-heading\">Gouvernance<\/h3>\n\n\n\n<p><strong>Signature de la Charte de l&rsquo;\u00e9galit\u00e9 des sexes au travail<\/strong><\/p>\n\n\n\n<p>En 2019, Monaco Asset Management a sign\u00e9 la charte pour l&rsquo;\u00e9galit\u00e9 des genres au travail en coop\u00e9ration avec l&rsquo;Association mon\u00e9gasque des activit\u00e9s financi\u00e8res.<\/p>\n\n\n\n<p><strong>Signature de la charte pour l&rsquo;arr\u00eat du harc\u00e8lement et de la violence au travail<\/strong><\/p>\n\n\n\n<p>En 2019, Monaco Asset Management a sign\u00e9 la charte \u00ab\u00a0Stop au harc\u00e8lement et \u00e0 la violence au travail\u00a0\u00bb.<\/p>\n\n\n\n<p><strong>Certification professionnelle de l&rsquo;AMAF<\/strong><\/p>\n\n\n\n<p>Tous nos employ\u00e9s travaillant comme gestionnaires, vendeurs, analystes financiers et traders ont obtenu leur certification professionnelle comprenant une section technique (\u00e0 moins qu&rsquo;ils ne poss\u00e8dent d\u00e9j\u00e0 une certification \u00e9trang\u00e8re) et une section de conformit\u00e9.<\/p>\n\n\n\n<p><strong>Certification de confidentialit\u00e9 de l&rsquo;AMAF<\/strong><\/p>\n\n\n\n<p>Tous nos employ\u00e9s, y compris les stagiaires travaillant dans l&rsquo;entreprise, doivent assister \u00e0 un s\u00e9minaire sur la confidentialit\u00e9 pour \u00eatre certifi\u00e9s par l&rsquo;AMAF.<\/p>\n\n\n\n<p><strong>Formation r\u00e9currente au travers du s\u00e9minaire annuel sur la lutte contre le blanchiment d&rsquo;argent et la corruption<\/strong><\/p>\n\n\n\n<p>Chaque ann\u00e9e, un s\u00e9minaire est organis\u00e9 pour former tous les employ\u00e9s aux pratiques de lutte contre le blanchiment d&rsquo;argent et la corruption.<\/p>\n<\/div><\/div>\n\n\n\n<div class=\"wp-block-group onglet_tab tab_4\"><div class=\"wp-block-group__inner-container is-layout-flow wp-block-group-is-layout-flow\">\n<h3 class=\"wp-block-heading\">Vision 2030<\/h3>\n\n\n\n<p><strong>Poursuite de la r\u00e9duction de l&#8217;empreinte environnementale<\/strong><\/p>\n\n\n\n<p>Monaco Asset Management a investi dans des outils de vid\u00e9oconf\u00e9rence de haute technologie pour r\u00e9duire le nombre de voyages d&rsquo;affaires sans compromettre la communication externe. Suite \u00e0 une analyse interne, nous avons constat\u00e9 que plus de 25 % de notre empreinte carbone \u00e9tait li\u00e9e \u00e0 des voyages internationaux. Bien que nous soyons conscients que le fait de diminuer le nombre de r\u00e9unions externes ne constitue pas une r\u00e9ponse en soi, nous pr\u00e9voyons que nos investissements en mati\u00e8re de t\u00e9l\u00e9conf\u00e9rence r\u00e9duiront notre empreinte carbone d&rsquo;environ 20%.<\/p>\n\n\n\n<p>Nous avons remplac\u00e9 notre syst\u00e8me d&rsquo;\u00e9clairage par des LED. Cela nous a permis de r\u00e9duire notre consommation d&rsquo;\u00e9nergie de 35 %.<\/p>\n\n\n\n<p>De m\u00eame, le remplacement des rapports de gestion papier par l&rsquo;utilisation de tablettes nous permettra de r\u00e9duire notre consommation de papier de 20 %.<\/p>\n\n\n\n<p><strong>Un plus grand engagement social<\/strong><\/p>\n\n\n\n<p>Nous \u00e9tudions la possibilit\u00e9 de donner des cours d&rsquo;introduction \u00e0 la finance aux enfants d\u00e9favoris\u00e9s, la gestion de patrimoine et les services financiers \u00e9tant souvent consid\u00e9r\u00e9s comme exclusifs et r\u00e9serv\u00e9s aux personnes ayant un certain niveau d&rsquo;\u00e9ducation ou une certaine classe sociale. <\/p>\n<\/div><\/div>\n","protected":false},"excerpt":{"rendered":"<p>L&rsquo;excellence, l&rsquo;int\u00e9grit\u00e9 et le travail d&rsquo;\u00e9quipe sont les piliers fondamentaux qui soutiennent notre culture d&rsquo;entreprise. Environment Qu&rsquo;est-ce que c&rsquo;est ? Depuis la publication du Livre blanc sur la transition \u00e9nerg\u00e9tique en mars 2017, la Principaut\u00e9 de Monaco a mis en \u0153uvre une s\u00e9rie d&rsquo;actions visant \u00e0 promouvoir les sources d&rsquo;\u00e9nergie renouvelables et \u00e0 am\u00e9liorer l&rsquo;efficacit\u00e9 [&hellip;]<\/p>\n","protected":false},"author":1,"featured_media":0,"parent":0,"menu_order":0,"comment_status":"closed","ping_status":"closed","template":"","meta":{"_acf_changed":false,"_editorskit_title_hidden":false,"_editorskit_reading_time":4,"_editorskit_is_block_options_detached":false,"_editorskit_block_options_position":"{}","footnotes":""},"class_list":["post-336","page","type-page","status-publish","hentry"],"acf":[],"yoast_head":"<!-- This site is optimized with the Yoast SEO plugin v27.0 - https:\/\/yoast.com\/product\/yoast-seo-wordpress\/ -->\n<title>Focus ESG - Monaco Asset Management<\/title>\n<meta name=\"robots\" content=\"index, follow, max-snippet:-1, max-image-preview:large, max-video-preview:-1\" \/>\n<link rel=\"canonical\" href=\"https:\/\/www.monacoasset.com\/fr\/esg-focus\/\" \/>\n<meta property=\"og:locale\" content=\"fr_FR\" \/>\n<meta property=\"og:type\" content=\"article\" \/>\n<meta property=\"og:title\" content=\"Focus ESG - Monaco Asset Management\" \/>\n<meta property=\"og:description\" content=\"L&rsquo;excellence, l&rsquo;int\u00e9grit\u00e9 et le travail d&rsquo;\u00e9quipe sont les piliers fondamentaux qui soutiennent notre culture d&rsquo;entreprise. Environment Qu&rsquo;est-ce que c&rsquo;est ? Depuis la publication du Livre blanc sur la transition \u00e9nerg\u00e9tique en mars 2017, la Principaut\u00e9 de Monaco a mis en \u0153uvre une s\u00e9rie d&rsquo;actions visant \u00e0 promouvoir les sources d&rsquo;\u00e9nergie renouvelables et \u00e0 am\u00e9liorer l&rsquo;efficacit\u00e9 [&hellip;]\" \/>\n<meta property=\"og:url\" content=\"https:\/\/www.monacoasset.com\/fr\/esg-focus\/\" \/>\n<meta property=\"og:site_name\" content=\"Monaco Asset Management\" \/>\n<meta property=\"article:modified_time\" content=\"2026-02-19T09:18:44+00:00\" \/>\n<meta property=\"og:image\" content=\"https:\/\/www.monacoasset.com\/wp-content\/uploads\/2020\/07\/logonfl.png\" \/>\n\t<meta property=\"og:image:width\" content=\"90\" \/>\n\t<meta property=\"og:image:height\" content=\"90\" \/>\n\t<meta property=\"og:image:type\" content=\"image\/png\" \/>\n<meta name=\"twitter:card\" content=\"summary_large_image\" \/>\n<meta name=\"twitter:label1\" content=\"Dur\u00e9e de lecture estim\u00e9e\" \/>\n\t<meta name=\"twitter:data1\" content=\"5 minutes\" \/>\n<script type=\"application\/ld+json\" class=\"yoast-schema-graph\">{\"@context\":\"https:\/\/schema.org\",\"@graph\":[{\"@type\":\"WebPage\",\"@id\":\"https:\/\/www.monacoasset.com\/fr\/esg-focus\/\",\"url\":\"https:\/\/www.monacoasset.com\/fr\/esg-focus\/\",\"name\":\"Focus ESG - Monaco Asset Management\",\"isPartOf\":{\"@id\":\"https:\/\/www.monacoasset.com\/#website\"},\"primaryImageOfPage\":{\"@id\":\"https:\/\/www.monacoasset.com\/fr\/esg-focus\/#primaryimage\"},\"image\":{\"@id\":\"https:\/\/www.monacoasset.com\/fr\/esg-focus\/#primaryimage\"},\"thumbnailUrl\":\"https:\/\/www.monacoasset.com\/wp-content\/uploads\/2020\/07\/logonfl.png\",\"datePublished\":\"2020-06-25T08:23:30+00:00\",\"dateModified\":\"2026-02-19T09:18:44+00:00\",\"breadcrumb\":{\"@id\":\"https:\/\/www.monacoasset.com\/fr\/esg-focus\/#breadcrumb\"},\"inLanguage\":\"fr-FR\",\"potentialAction\":[{\"@type\":\"ReadAction\",\"target\":[\"https:\/\/www.monacoasset.com\/fr\/esg-focus\/\"]}]},{\"@type\":\"ImageObject\",\"inLanguage\":\"fr-FR\",\"@id\":\"https:\/\/www.monacoasset.com\/fr\/esg-focus\/#primaryimage\",\"url\":\"https:\/\/www.monacoasset.com\/wp-content\/uploads\/2020\/07\/logonfl.png\",\"contentUrl\":\"https:\/\/www.monacoasset.com\/wp-content\/uploads\/2020\/07\/logonfl.png\"},{\"@type\":\"BreadcrumbList\",\"@id\":\"https:\/\/www.monacoasset.com\/fr\/esg-focus\/#breadcrumb\",\"itemListElement\":[{\"@type\":\"ListItem\",\"position\":1,\"name\":\"Home\",\"item\":\"https:\/\/www.monacoasset.com\/fr\/\"},{\"@type\":\"ListItem\",\"position\":2,\"name\":\"Focus ESG\"}]},{\"@type\":\"WebSite\",\"@id\":\"https:\/\/www.monacoasset.com\/#website\",\"url\":\"https:\/\/www.monacoasset.com\/\",\"name\":\"Monaco Asset Management\",\"description\":\"\",\"potentialAction\":[{\"@type\":\"SearchAction\",\"target\":{\"@type\":\"EntryPoint\",\"urlTemplate\":\"https:\/\/www.monacoasset.com\/?s={search_term_string}\"},\"query-input\":{\"@type\":\"PropertyValueSpecification\",\"valueRequired\":true,\"valueName\":\"search_term_string\"}}],\"inLanguage\":\"fr-FR\"}]}<\/script>\n<!-- \/ Yoast SEO plugin. -->","yoast_head_json":{"title":"Focus ESG - Monaco Asset Management","robots":{"index":"index","follow":"follow","max-snippet":"max-snippet:-1","max-image-preview":"max-image-preview:large","max-video-preview":"max-video-preview:-1"},"canonical":"https:\/\/www.monacoasset.com\/fr\/esg-focus\/","og_locale":"fr_FR","og_type":"article","og_title":"Focus ESG - Monaco Asset Management","og_description":"L&rsquo;excellence, l&rsquo;int\u00e9grit\u00e9 et le travail d&rsquo;\u00e9quipe sont les piliers fondamentaux qui soutiennent notre culture d&rsquo;entreprise. Environment Qu&rsquo;est-ce que c&rsquo;est ? Depuis la publication du Livre blanc sur la transition \u00e9nerg\u00e9tique en mars 2017, la Principaut\u00e9 de Monaco a mis en \u0153uvre une s\u00e9rie d&rsquo;actions visant \u00e0 promouvoir les sources d&rsquo;\u00e9nergie renouvelables et \u00e0 am\u00e9liorer l&rsquo;efficacit\u00e9 [&hellip;]","og_url":"https:\/\/www.monacoasset.com\/fr\/esg-focus\/","og_site_name":"Monaco Asset Management","article_modified_time":"2026-02-19T09:18:44+00:00","og_image":[{"width":90,"height":90,"url":"https:\/\/www.monacoasset.com\/wp-content\/uploads\/2020\/07\/logonfl.png","type":"image\/png"}],"twitter_card":"summary_large_image","twitter_misc":{"Dur\u00e9e de lecture estim\u00e9e":"5 minutes"},"schema":{"@context":"https:\/\/schema.org","@graph":[{"@type":"WebPage","@id":"https:\/\/www.monacoasset.com\/fr\/esg-focus\/","url":"https:\/\/www.monacoasset.com\/fr\/esg-focus\/","name":"Focus ESG - Monaco Asset Management","isPartOf":{"@id":"https:\/\/www.monacoasset.com\/#website"},"primaryImageOfPage":{"@id":"https:\/\/www.monacoasset.com\/fr\/esg-focus\/#primaryimage"},"image":{"@id":"https:\/\/www.monacoasset.com\/fr\/esg-focus\/#primaryimage"},"thumbnailUrl":"https:\/\/www.monacoasset.com\/wp-content\/uploads\/2020\/07\/logonfl.png","datePublished":"2020-06-25T08:23:30+00:00","dateModified":"2026-02-19T09:18:44+00:00","breadcrumb":{"@id":"https:\/\/www.monacoasset.com\/fr\/esg-focus\/#breadcrumb"},"inLanguage":"fr-FR","potentialAction":[{"@type":"ReadAction","target":["https:\/\/www.monacoasset.com\/fr\/esg-focus\/"]}]},{"@type":"ImageObject","inLanguage":"fr-FR","@id":"https:\/\/www.monacoasset.com\/fr\/esg-focus\/#primaryimage","url":"https:\/\/www.monacoasset.com\/wp-content\/uploads\/2020\/07\/logonfl.png","contentUrl":"https:\/\/www.monacoasset.com\/wp-content\/uploads\/2020\/07\/logonfl.png"},{"@type":"BreadcrumbList","@id":"https:\/\/www.monacoasset.com\/fr\/esg-focus\/#breadcrumb","itemListElement":[{"@type":"ListItem","position":1,"name":"Home","item":"https:\/\/www.monacoasset.com\/fr\/"},{"@type":"ListItem","position":2,"name":"Focus ESG"}]},{"@type":"WebSite","@id":"https:\/\/www.monacoasset.com\/#website","url":"https:\/\/www.monacoasset.com\/","name":"Monaco Asset Management","description":"","potentialAction":[{"@type":"SearchAction","target":{"@type":"EntryPoint","urlTemplate":"https:\/\/www.monacoasset.com\/?s={search_term_string}"},"query-input":{"@type":"PropertyValueSpecification","valueRequired":true,"valueName":"search_term_string"}}],"inLanguage":"fr-FR"}]}},"jetpack_sharing_enabled":true,"_links":{"self":[{"href":"https:\/\/www.monacoasset.com\/fr\/wp-json\/wp\/v2\/pages\/336","targetHints":{"allow":["GET"]}}],"collection":[{"href":"https:\/\/www.monacoasset.com\/fr\/wp-json\/wp\/v2\/pages"}],"about":[{"href":"https:\/\/www.monacoasset.com\/fr\/wp-json\/wp\/v2\/types\/page"}],"author":[{"embeddable":true,"href":"https:\/\/www.monacoasset.com\/fr\/wp-json\/wp\/v2\/users\/1"}],"replies":[{"embeddable":true,"href":"https:\/\/www.monacoasset.com\/fr\/wp-json\/wp\/v2\/comments?post=336"}],"version-history":[{"count":23,"href":"https:\/\/www.monacoasset.com\/fr\/wp-json\/wp\/v2\/pages\/336\/revisions"}],"predecessor-version":[{"id":1492,"href":"https:\/\/www.monacoasset.com\/fr\/wp-json\/wp\/v2\/pages\/336\/revisions\/1492"}],"wp:attachment":[{"href":"https:\/\/www.monacoasset.com\/fr\/wp-json\/wp\/v2\/media?parent=336"}],"curies":[{"name":"wp","href":"https:\/\/api.w.org\/{rel}","templated":true}]}}